{"id":6100,"date":"2024-11-20T11:05:57","date_gmt":"2024-11-20T10:05:57","guid":{"rendered":"https:\/\/www.rollerteam.com\/?page_id=6100"},"modified":"2024-11-20T11:06:09","modified_gmt":"2024-11-20T10:06:09","slug":"packs-disponibles-livingstone-sport","status":"publish","type":"page","link":"https:\/\/www.rollerteam.com\/es\/packs-disponibles-livingstone-sport\/","title":{"rendered":"PACKS DISPONIBLES LIVINGSTONE SPORT"},"content":{"rendered":"<div class=\"table-responsive\"><table class=\"table\" class=\"table\" style=\"width: 95.7637%;height: 155px\" width=\"684\">\n<tbody>\n<tr style=\"height: 85px\">\n<td style=\"width: 37.3913%;height: 10px\"><span style=\"font-size: 10pt\"><strong>PACK LOUNGE<\/strong><\/span><\/td>\n<td style=\"width: 151.449%;height: 10px\"><span style=\"font-size: 10pt;color: #808080\">CLIMATIZADOR AUTOM\u00c1TICO &#8211; CARGADOR INAL\u00c1MBRICO PARA SMARTPHONES &#8211; PANEL DE INSTRUMENTOS FULL DIGITAL<\/span><\/td>\n<\/tr>\n<tr style=\"height: 15px\">\n<td style=\"width: 37.3913%;height: 15px\"><span style=\"font-size: 10pt\"><strong>PACK SAFETY<\/strong><\/span><\/td>\n<td style=\"width: 151.449%;height: 15px\"><span style=\"font-size: 10pt;color: #808080\">FRENADA DE EMERGENCIA ASISTIDA (+ DETECCI\u00d3N DE PEATONES\/CICLISTAS) &#8211; ENCENDIDO AUTOM\u00c1TICO DE FAROS Y LIMPIAPARABRISAS &#8211; ASISTENCIA PARA EL MANTENIMIENTO DEL CARRIL, LANE CONTROL &#8211; DETECCI\u00d3N DE SE\u00d1ALES VERTICALES &#8211; DETECCI\u00d3N DE FATIGA DEL CONDUCTOR &#8211;\u00a0 ASISTENTE DE VELOCIDAD INTELIGENTE<\/span><\/td>\n<\/tr>\n<tr style=\"height: 24px\">\n<td style=\"width: 37.3913%;height: 10px\"><span style=\"font-size: 10pt\"><strong>PACK VISION 2<\/strong><\/span><\/td>\n<td style=\"width: 151.449%;height: 10px\" width=\"427\"><span style=\"font-size: 10pt;color: #808080\">ESPEJOS RETROVISORES PLEGABLES EL\u00c9CTRICAMENTE &#8211; SENSORES DE APARCAMIENTO &#8211; SENSORES DE ASISTENCIA DE PUNTO CIEGO + DETECCI\u00d3N DE CRUCE TRASERO<\/span><\/td>\n<\/tr>\n<tr style=\"height: 24px\">\n<td style=\"width: 37.3913%;height: 24px\"><span style=\"font-size: 10pt\"><strong>PACK PRESTIGE<\/strong><\/span><\/td>\n<td style=\"width: 151.449%;height: 24px\"><span style=\"font-size: 10pt;color: #808080\">PANEL SOLAR \u2013 TOLDO<\/span><\/td>\n<\/tr>\n<tr style=\"height: 24px\">\n<td style=\"width: 37.3913%;height: 24px\"><span style=\"font-size: 10pt\"><strong>PACK ARCTIC<\/strong><\/span><\/td>\n<td style=\"width: 151.449%;height: 24px\"><span style=\"font-size: 10pt;color: #808080\">CALENTADOR DE MAYOR POTENCIA (6KW) &#8211; PANEL MULTICONTROL DIGITAL &#8211; WINTER PACK &#8211; <\/span><span style=\"font-size: 10pt;color: #808080\">PROTECTOR T\u00c9RMICO PARA EL SALPICADERO DE LA CABINA &#8211; PROTECTOR T\u00c9RMICO EXTERIOR PARA LA CABINA &#8211; KIT CORTINAS PLISADA EN EL COMEDOR Y CORTINAS PUERTAS TRASERAS* <span style=\"font-size: 8pt\">(*excepto K2)<\/span> &#8211; PROTECTORES T\u00c9RMICOS AISLANTES EN LAS VENTANAS<\/span><\/td>\n<\/tr>\n<tr style=\"height: 72px\">\n<td style=\"width: 37.3913%;height: 72px\"><span style=\"font-size: 10pt\"><strong>PACK WINTER<\/strong><\/span><\/td>\n<td style=\"width: 151.449%;height: 72px\"><span style=\"font-size: 10pt;color: #808080\">DEP\u00d3SITO DE AGUAS GRISES AISLADO MEDIANTE UNA CAPA DE 15 MM DE POLIURETANO &#8211; SONDA EL\u00c9CTRICA CON<br \/>\nTERMOSTATO SITUADA CERCA DE LA V\u00c1LVULA DE DESCARGA &#8211; AISLAMIENTO DE LOS TUBOS DE AGUA EXTERIORES &#8211; AISLAMIENTO DE LOS TUBOS DE LA CALEFACCI\u00d3N EXTERIORES<\/span><\/td>\n<\/tr>\n<\/tbody>\n<\/table><\/div>\n","protected":false},"excerpt":{"rendered":"<p>PACK LOUNGE CLIMATIZADOR AUTOM\u00c1TICO &#8211; CARGADOR INAL\u00c1MBRICO PARA SMARTPHONES &#8211; PANEL DE INSTRUMENTOS FULL DIGITAL PACK SAFETY FRENADA DE EMERGENCIA ASISTIDA (+ DETECCI\u00d3N DE PEATONES\/CICLISTAS) &#8211; ENCENDIDO AUTOM\u00c1TICO DE FAROS Y LIMPIAPARABRISAS &#8211; ASISTENCIA PARA EL MANTENIMIENTO DEL CARRIL, LANE CONTROL &#8211; DETECCI\u00d3N DE SE\u00d1ALES VERTICALES &#8211; DETECCI\u00d3N DE FATIGA DEL CONDUCTOR &#8211;\u00a0 ASISTENTE DE &hellip; <a href=\"https:\/\/www.rollerteam.com\/es\/packs-disponibles-livingstone-sport\/\">Continued<\/a><\/p>\n","protected":false},"author":6,"featured_media":0,"parent":0,"menu_order":0,"comment_status":"closed","ping_status":"closed","template":"","meta":{"_acf_changed":false,"inline_featured_image":false,"footnotes":""},"class_list":["post-6100","page","type-page","status-publish","hentry"],"acf":[],"yoast_head":"<!-- This site is optimized with the Yoast SEO plugin v27.2 - https:\/\/yoast.com\/product\/yoast-seo-wordpress\/ -->\n<title>PACKS DISPONIBLES LIVINGSTONE SPORT - RollerTeam GLOBAL<\/title>\n<meta name=\"robots\" content=\"index, follow, max-snippet:-1, max-image-preview:large, max-video-preview:-1\" \/>\n<link rel=\"canonical\" href=\"https:\/\/www.rollerteam.com\/es\/packs-disponibles-livingstone-sport\/\" \/>\n<meta property=\"og:locale\" content=\"es_ES\" \/>\n<meta property=\"og:type\" content=\"article\" \/>\n<meta property=\"og:title\" content=\"PACKS DISPONIBLES LIVINGSTONE SPORT - RollerTeam GLOBAL\" \/>\n<meta property=\"og:description\" content=\"PACK LOUNGE CLIMATIZADOR AUTOM\u00c1TICO &#8211; CARGADOR INAL\u00c1MBRICO PARA SMARTPHONES &#8211; PANEL DE INSTRUMENTOS FULL DIGITAL PACK SAFETY FRENADA DE EMERGENCIA ASISTIDA (+ DETECCI\u00d3N DE PEATONES\/CICLISTAS) &#8211; ENCENDIDO AUTOM\u00c1TICO DE FAROS Y LIMPIAPARABRISAS &#8211; ASISTENCIA PARA EL MANTENIMIENTO DEL CARRIL, LANE CONTROL &#8211; DETECCI\u00d3N DE SE\u00d1ALES VERTICALES &#8211; DETECCI\u00d3N DE FATIGA DEL CONDUCTOR &#8211;\u00a0 ASISTENTE DE &hellip; Continued\" \/>\n<meta property=\"og:url\" content=\"https:\/\/www.rollerteam.com\/es\/packs-disponibles-livingstone-sport\/\" \/>\n<meta property=\"og:site_name\" content=\"RollerTeam GLOBAL\" \/>\n<meta property=\"article:modified_time\" content=\"2024-11-20T10:06:09+00:00\" \/>\n<meta name=\"twitter:card\" content=\"summary_large_image\" \/>\n<meta name=\"twitter:label1\" content=\"Tiempo de lectura\" \/>\n\t<meta name=\"twitter:data1\" content=\"1 minuto\" \/>\n<script type=\"application\/ld+json\" class=\"yoast-schema-graph\">{\"@context\":\"https:\/\/schema.org\",\"@graph\":[{\"@type\":\"WebPage\",\"@id\":\"https:\/\/www.rollerteam.com\/es\/packs-disponibles-livingstone-sport\/\",\"url\":\"https:\/\/www.rollerteam.com\/es\/packs-disponibles-livingstone-sport\/\",\"name\":\"PACKS DISPONIBLES LIVINGSTONE SPORT - RollerTeam GLOBAL\",\"isPartOf\":{\"@id\":\"https:\/\/www.rollerteam.com\/es\/#website\"},\"datePublished\":\"2024-11-20T10:05:57+00:00\",\"dateModified\":\"2024-11-20T10:06:09+00:00\",\"breadcrumb\":{\"@id\":\"https:\/\/www.rollerteam.com\/es\/packs-disponibles-livingstone-sport\/#breadcrumb\"},\"inLanguage\":\"es\",\"potentialAction\":[{\"@type\":\"ReadAction\",\"target\":[\"https:\/\/www.rollerteam.com\/es\/packs-disponibles-livingstone-sport\/\"]}]},{\"@type\":\"BreadcrumbList\",\"@id\":\"https:\/\/www.rollerteam.com\/es\/packs-disponibles-livingstone-sport\/#breadcrumb\",\"itemListElement\":[{\"@type\":\"ListItem\",\"position\":1,\"name\":\"Home\",\"item\":\"https:\/\/www.rollerteam.com\/es\/\"},{\"@type\":\"ListItem\",\"position\":2,\"name\":\"PACKS DISPONIBLES LIVINGSTONE SPORT\"}]},{\"@type\":\"WebSite\",\"@id\":\"https:\/\/www.rollerteam.com\/es\/#website\",\"url\":\"https:\/\/www.rollerteam.com\/es\/\",\"name\":\"Trigano Master\",\"description\":\"\",\"potentialAction\":[{\"@type\":\"SearchAction\",\"target\":{\"@type\":\"EntryPoint\",\"urlTemplate\":\"https:\/\/www.rollerteam.com\/es\/?s={search_term_string}\"},\"query-input\":{\"@type\":\"PropertyValueSpecification\",\"valueRequired\":true,\"valueName\":\"search_term_string\"}}],\"inLanguage\":\"es\"}]}<\/script>\n<!-- \/ Yoast SEO plugin. -->","yoast_head_json":{"title":"PACKS DISPONIBLES LIVINGSTONE SPORT - RollerTeam GLOBAL","robots":{"index":"index","follow":"follow","max-snippet":"max-snippet:-1","max-image-preview":"max-image-preview:large","max-video-preview":"max-video-preview:-1"},"canonical":"https:\/\/www.rollerteam.com\/es\/packs-disponibles-livingstone-sport\/","og_locale":"es_ES","og_type":"article","og_title":"PACKS DISPONIBLES LIVINGSTONE SPORT - RollerTeam GLOBAL","og_description":"PACK LOUNGE CLIMATIZADOR AUTOM\u00c1TICO &#8211; CARGADOR INAL\u00c1MBRICO PARA SMARTPHONES &#8211; PANEL DE INSTRUMENTOS FULL DIGITAL PACK SAFETY FRENADA DE EMERGENCIA ASISTIDA (+ DETECCI\u00d3N DE PEATONES\/CICLISTAS) &#8211; ENCENDIDO AUTOM\u00c1TICO DE FAROS Y LIMPIAPARABRISAS &#8211; ASISTENCIA PARA EL MANTENIMIENTO DEL CARRIL, LANE CONTROL &#8211; DETECCI\u00d3N DE SE\u00d1ALES VERTICALES &#8211; DETECCI\u00d3N DE FATIGA DEL CONDUCTOR &#8211;\u00a0 ASISTENTE DE &hellip; Continued","og_url":"https:\/\/www.rollerteam.com\/es\/packs-disponibles-livingstone-sport\/","og_site_name":"RollerTeam GLOBAL","article_modified_time":"2024-11-20T10:06:09+00:00","twitter_card":"summary_large_image","twitter_misc":{"Tiempo de lectura":"1 minuto"},"schema":{"@context":"https:\/\/schema.org","@graph":[{"@type":"WebPage","@id":"https:\/\/www.rollerteam.com\/es\/packs-disponibles-livingstone-sport\/","url":"https:\/\/www.rollerteam.com\/es\/packs-disponibles-livingstone-sport\/","name":"PACKS DISPONIBLES LIVINGSTONE SPORT - RollerTeam GLOBAL","isPartOf":{"@id":"https:\/\/www.rollerteam.com\/es\/#website"},"datePublished":"2024-11-20T10:05:57+00:00","dateModified":"2024-11-20T10:06:09+00:00","breadcrumb":{"@id":"https:\/\/www.rollerteam.com\/es\/packs-disponibles-livingstone-sport\/#breadcrumb"},"inLanguage":"es","potentialAction":[{"@type":"ReadAction","target":["https:\/\/www.rollerteam.com\/es\/packs-disponibles-livingstone-sport\/"]}]},{"@type":"BreadcrumbList","@id":"https:\/\/www.rollerteam.com\/es\/packs-disponibles-livingstone-sport\/#breadcrumb","itemListElement":[{"@type":"ListItem","position":1,"name":"Home","item":"https:\/\/www.rollerteam.com\/es\/"},{"@type":"ListItem","position":2,"name":"PACKS DISPONIBLES LIVINGSTONE SPORT"}]},{"@type":"WebSite","@id":"https:\/\/www.rollerteam.com\/es\/#website","url":"https:\/\/www.rollerteam.com\/es\/","name":"Trigano Master","description":"","potentialAction":[{"@type":"SearchAction","target":{"@type":"EntryPoint","urlTemplate":"https:\/\/www.rollerteam.com\/es\/?s={search_term_string}"},"query-input":{"@type":"PropertyValueSpecification","valueRequired":true,"valueName":"search_term_string"}}],"inLanguage":"es"}]}},"_links":{"self":[{"href":"https:\/\/www.rollerteam.com\/es\/wp-json\/wp\/v2\/pages\/6100","targetHints":{"allow":["GET"]}}],"collection":[{"href":"https:\/\/www.rollerteam.com\/es\/wp-json\/wp\/v2\/pages"}],"about":[{"href":"https:\/\/www.rollerteam.com\/es\/wp-json\/wp\/v2\/types\/page"}],"author":[{"embeddable":true,"href":"https:\/\/www.rollerteam.com\/es\/wp-json\/wp\/v2\/users\/6"}],"replies":[{"embeddable":true,"href":"https:\/\/www.rollerteam.com\/es\/wp-json\/wp\/v2\/comments?post=6100"}],"version-history":[{"count":2,"href":"https:\/\/www.rollerteam.com\/es\/wp-json\/wp\/v2\/pages\/6100\/revisions"}],"predecessor-version":[{"id":6102,"href":"https:\/\/www.rollerteam.com\/es\/wp-json\/wp\/v2\/pages\/6100\/revisions\/6102"}],"wp:attachment":[{"href":"https:\/\/www.rollerteam.com\/es\/wp-json\/wp\/v2\/media?parent=6100"}],"curies":[{"name":"wp","href":"https:\/\/api.w.org\/{rel}","templated":true}]}}