{"id":6090,"date":"2024-11-18T12:40:13","date_gmt":"2024-11-18T11:40:13","guid":{"rendered":"https:\/\/www.rollerteam.com\/?page_id=6090"},"modified":"2024-11-18T12:45:17","modified_gmt":"2024-11-18T11:45:17","slug":"packs-disponibles-zefiro","status":"publish","type":"page","link":"https:\/\/www.rollerteam.com\/es\/packs-disponibles-zefiro\/","title":{"rendered":"PACKS DISPONIBLES ZEFIRO"},"content":{"rendered":"<p><img loading=\"lazy\" decoding=\"async\" class=\"alignnone wp-image-6036\" src=\"https:\/\/www.rollerteam.com\/wp-content\/uploads\/2024\/05\/390px-Fiat_logo.svg_-1-300x185.png\" alt=\"\" width=\"57\" height=\"35\" srcset=\"https:\/\/www.rollerteam.com\/wp-content\/uploads\/2024\/05\/390px-Fiat_logo.svg_-1-300x185.png 300w, https:\/\/www.rollerteam.com\/wp-content\/uploads\/2024\/05\/390px-Fiat_logo.svg_-1.png 390w\" sizes=\"auto, (max-width: 57px) 100vw, 57px\" \/><\/p>\n<div class=\"table-responsive\"><table class=\"table\" class=\"table\" style=\"width: 95.7637%;height: 428px\" width=\"684\">\n<tbody>\n<tr style=\"height: 96px\">\n<td style=\"width: 37.3913%;height: 96px\"><span style=\"font-size: 10pt\"><strong><strong><span style=\"font-size: 10pt\">PACK ZEFIRO &#8211; Perfiladas<\/span><br \/>\n<\/strong><\/strong><span style=\"color: #808080\">(Pack ya incluido a costo cero, promoci\u00f3n v\u00e1lida hasta nuevo aviso)<\/span><\/span><\/td>\n<td style=\"width: 151.449%;height: 96px\"><span style=\"font-size: 10pt;color: #808080\">LUCES ANTINIEBLA &#8211; PARACHOQUES Y MOLDURAS LATERALES DEL COLOR DE LA CARROCER\u00cdA -LLANTAS DE ALEACI\u00d3N DE 16&#8243; BICOLOR &#8211; REVESTIMIENTO VOLANTE Y POMO DEL CAMBIO DE PIEL -FRENO DE MANO EL\u00c9CTRICO &#8211; TPMS (SENSOR DE PRESI\u00d3N DE LOS NEUM\u00c1TICOS) -SALPICADERO TECHNO &#8211; PUERTA XL CON 2 PUNTOS DE CIERRE Y VENTANA Y CIERRE CENTRALIZADO &#8211; TOLDO ANTRACITA &#8211; TOMA DE GAS EXTERNA + DUCHA DE MANO EN EL GARAJE &#8211; PANEL SOLAR 200 W CON REGULADOR MPPT &#8211; OSCURECEDOR PLISADO<\/span><\/td>\n<\/tr>\n<tr style=\"height: 152px\">\n<td style=\"width: 37.3913%;height: 152px\"><span style=\"font-size: 10pt\"><strong><strong><span style=\"font-size: 10pt\">PACK ZEFIRO &#8211; Integrales<br \/>\n<span style=\"color: #808080\">(Pack ya incluido a costo cero, promoci\u00f3n v\u00e1lida hasta nuevo aviso)<\/span><\/span><\/strong><\/strong><\/span><\/td>\n<td style=\"width: 151.449%;height: 152px\"><span style=\"font-size: 10pt;color: #808080\">LUCES ANTINIEBLA &#8211; PARACHOQUES Y MOLDURAS LATERALES DEL COLOR DE LA CARROCER\u00cdA -LLANTAS DE ALEACI\u00d3N DE 16&#8243; BICOLOR &#8211; REVESTIMIENTO VOLANTE Y POMO DEL CAMBIO DE PIEL -FRENO DE MANO EL\u00c9CTRICO &#8211; TPMS (SENSOR DE PRESI\u00d3N DE LOS NEUM\u00c1TICOS) -SALPICADERO TECHNO &#8211; PUERTA XL CON 2 PUNTOS DE CIERRE Y VENTANA Y CIERRE CENTRALIZADO &#8211; TOLDO ANTRACITA &#8211; TOMA DE GAS EXTERNA + DUCHA DE MANO EN EL GARAJE &#8211; PANEL SOLAR 200 W CON REGULADOR MPPT<\/span><\/td>\n<\/tr>\n<tr style=\"height: 24px\">\n<td style=\"width: 37.3913%;height: 24px\" width=\"257\"><span style=\"font-size: 10pt\"><strong>PACK SELEKT FIAT<\/strong><\/span><\/td>\n<td style=\"width: 151.449%;height: 24px\" width=\"427\"><span style=\"font-size: 10pt;color: #808080\"><span style=\"font-size: 10pt;color: #808080\">CAMBIO AUTOM\u00c1TICO \u2013 GRAFICA SELEKT &#8211; <\/span>SUSPENSIONES DE COMPOSITE<\/span><\/td>\n<\/tr>\n<tr style=\"height: 10px\">\n<td style=\"width: 37.3913%;height: 10px\"><span style=\"font-size: 10pt\"><strong>PACK EXTRA TECH &#8211; Perfiladas<\/strong><\/span><\/td>\n<td style=\"width: 151.449%;height: 10px\" width=\"427\"><span style=\"font-size: 10pt;color: #808080\">PANEL DE INSTRUMENTOS FULL DIGITAL &#8211; AIRE ACONDICIONADO AUTOM\u00c1TICO &#8211; CARGADOR INAL\u00c1MBRICO PARA SMARTPHONES &#8211; FAROS FULL LED<\/span><\/td>\n<\/tr>\n<tr style=\"height: 85px\">\n<td style=\"width: 37.3913%;height: 40px\"><span style=\"font-size: 10pt\"><strong>PACK EXTRA TECH &#8211; Integrales<\/strong><\/span><\/td>\n<td style=\"width: 151.449%;height: 40px\"><span style=\"font-size: 10pt;color: #808080\">PANEL DE INSTRUMENTOS FULL DIGITAL &#8211; AIRE ACONDICIONADO AUTOM\u00c1TICO &#8211; CARGADOR INAL\u00c1MBRICO PARA SMARTPHONES<\/span><\/td>\n<\/tr>\n<tr style=\"height: 24px\">\n<td style=\"width: 37.3913%;height: 10px\"><span style=\"font-size: 10pt\"><strong>PACK EXTRA SAFETY<\/strong><\/span><\/td>\n<td style=\"width: 151.449%;height: 10px\" width=\"427\"><span style=\"font-size: 10pt;color: #808080\">REGULADOR DE LA VELOCIDAD DE CRUCERO ADAPTATIVO PARA VELOCIDAD &gt;30 KM\/H &#8211; FULL BRAKE CONTROL CON DETECCI\u00d3N DE PEATONES &#8211; SENSORES DE LUZ Y LLUVIA &#8211; ASISTENCIA PARA MANTENER EL CARRIL &#8211; RECONOCIMIENTO DE SE\u00d1ALES DE TR\u00c1FICO &#8211; ADVERTENCIA DE FATIGA DEL CONDUCTOR &#8211; INTELLIGENT SPEED ASSIST<\/span><\/td>\n<\/tr>\n<tr style=\"height: 74px\">\n<td style=\"width: 37.3913%;height: 24px\"><span style=\"font-size: 10pt\"><strong>PACK FREEDOM<\/strong><\/span><\/td>\n<td style=\"width: 151.449%;height: 24px\"><span style=\"font-size: 10pt;color: #808080\">2\u00ba PANEL SOLAR 200 W CON REGULADOR MPPT &#8211; BATER\u00cdA DE LITIO DISPOSITIVOS &#8211; 2\u00ba BATER\u00cdA DE LITIO DISPOSITIVOS<\/span><\/td>\n<\/tr>\n<tr style=\"height: 24px\">\n<td style=\"width: 37.3913%;height: 24px\"><span style=\"font-size: 10pt\"><strong>PACK TV DIGIT 32\u00bb<\/strong><\/span><\/td>\n<td style=\"width: 151.449%;height: 24px\"><span style=\"font-size: 10pt;color: #808080\">ANTENA DIGITAL \u2013 BRAZO TV \u2013 SMART TV 32\u2019\u2019<\/span><\/td>\n<\/tr>\n<tr style=\"height: 24px\">\n<td style=\"width: 37.3913%;height: 24px\"><span style=\"font-size: 10pt\"><strong>PACK TV SAT 32\u00bb<\/strong><\/span><\/td>\n<td style=\"width: 151.449%;height: 24px\"><span style=\"font-size: 10pt;color: #808080\">ANTENA POR SAT\u00c9LITE \u2013 BRAZO TV \u2013 SMART TV 32\u2019\u2019<\/span><\/td>\n<\/tr>\n<tr style=\"height: 24px\">\n<td style=\"width: 37.3913%;height: 24px\"><span style=\"font-size: 10pt\"><strong>PACK TV WI-FI 32\u00bb<\/strong><\/span><\/td>\n<td style=\"width: 151.449%;height: 24px\"><span style=\"font-size: 10pt;color: #808080\">R\u00daTER WIFI \u2013 BRAZO TV \u2013 SMART TV 32\u2019\u2019<\/span><\/td>\n<\/tr>\n<\/tbody>\n<\/table><\/div>\n<p>&nbsp;<\/p>\n<p><img loading=\"lazy\" decoding=\"async\" class=\"alignnone wp-image-2597\" src=\"https:\/\/www.rollerteam.com\/wp-content\/uploads\/2024\/05\/Ford_Motor_Company_Logo.svg_-300x113.png\" alt=\"\" width=\"80\" height=\"30\" srcset=\"https:\/\/www.rollerteam.com\/wp-content\/uploads\/2024\/05\/Ford_Motor_Company_Logo.svg_-300x113.png 300w, https:\/\/www.rollerteam.com\/wp-content\/uploads\/2024\/05\/Ford_Motor_Company_Logo.svg_-1024x386.png 1024w, https:\/\/www.rollerteam.com\/wp-content\/uploads\/2024\/05\/Ford_Motor_Company_Logo.svg_-768x289.png 768w, https:\/\/www.rollerteam.com\/wp-content\/uploads\/2024\/05\/Ford_Motor_Company_Logo.svg_.png 1280w\" sizes=\"auto, (max-width: 80px) 100vw, 80px\" \/><\/p>\n<div class=\"table-responsive\"><table class=\"table\" class=\"table\" style=\"width: 100%;height: 327px\">\n<tbody>\n<tr style=\"height: 96px\">\n<td style=\"width: 37.3913%;height: 96px\"><span style=\"font-size: 10pt\"><strong>PACK ZEFIRO FORD &#8211; Perfiladas<br \/>\n<\/strong><span style=\"color: #808080\">(Pack ya incluido a costo cero, promoci\u00f3n v\u00e1lida hasta nuevo aviso)<\/span><\/span><\/td>\n<td style=\"width: 151.449%;height: 96px\"><span style=\"font-size: 10pt;color: #808080\">MOTOR 165 CV CON CAMBIO MANUAL &#8211; FAROS HIGH SERIES CON LUCES DE GIRO EST\u00c1TICAS &#8211; GUANTERA CON CERRADURA &#8211; REVESTIMIENTOS INTERIORES Y SALPICADERO \u00abTREND\u00bb &#8211; PARACHOQUES Y MOLDURAS LATERALES DEL COLOR DE LA CARROCER\u00cdA &#8211; PUERTA XL CON 2 PUNTOS DE CIERRE Y VENTANA Y CIERRE CENTRALIZADO &#8211; TOLDO ANTRACITA &#8211; TOMA DE GAS EXTERNA + DUCHA DE MANO EN EL GARAJE &#8211; PANEL SOLAR 200 W CON REGULADOR MPPT &#8211; OSCURECEDOR PLISADO<\/span><\/td>\n<\/tr>\n<tr style=\"height: 24px\">\n<td style=\"width: 37.3913%;height: 24px\" width=\"257\"><span style=\"font-size: 10pt\"><strong>PACK SELEKT FORD<\/strong><\/span><\/td>\n<td style=\"width: 151.449%;height: 24px\" width=\"427\"><span style=\"font-size: 10pt;color: #808080\">CAMBIO AUTOM\u00c1TICO \u2013 GRAFICA SELEKT\u00a0<\/span><\/td>\n<\/tr>\n<tr style=\"height: 24px\">\n<td style=\"width: 37.3913%;height: 24px\"><span style=\"font-size: 10pt\"><strong>PACK DESIGN\u00a0<\/strong><\/span><\/td>\n<td style=\"width: 151.449%;height: 24px\"><span style=\"font-size: 10pt;color: #808080\">CABINA CON PINTURA METALIZADA \u00abMOONDUST SILVER\u00bb &#8211; LLANTAS DE ALEACI\u00d3N DE 16&#8243; NEGRAS<\/span><\/td>\n<\/tr>\n<tr style=\"height: 87px\">\n<td style=\"width: 37.3913%;height: 87px\"><span style=\"font-size: 10pt\"><strong>PACK EXTRA ASSISTANCE<\/strong><\/span><\/td>\n<td style=\"width: 151.449%;height: 87px\"><span style=\"font-size: 10pt;color: #808080\">DESEMPA\u00d1ADOR EL\u00c9CTRICO PARABRISAS &#8211; REGULADOR DE LA VELOCIDAD DE CRUCERO ADAPTATIVO CON CENTRADO DEL CARRIL Y STOP&amp;GO &#8211; AYUDA PRECOLISI\u00d3N 2.2 &#8211; RECONOCIMIENTO DE SE\u00d1ALES DE VELOCIDAD 3, INTEGRADO CON CONTROL DE LA VELOCIDAD DE CRUCERO ADAPTATIVO &#8211; RETROVISORES CON DESEMPA\u00d1ADOR EL\u00c9CTRICO (PLEGABLES MANUALMENTE) &#8211; SISTEMA DE NAVEGACI\u00d3N<\/span><\/td>\n<\/tr>\n<tr style=\"height: 74px\">\n<td style=\"width: 37.3913%;height: 24px\"><span style=\"font-size: 10pt\"><strong>PACK FREEDOM<\/strong><\/span><\/td>\n<td style=\"width: 151.449%;height: 24px\"><span style=\"font-size: 10pt;color: #808080\">2\u00ba PANEL SOLAR 200 W CON REGULADOR MPPT &#8211; BATER\u00cdA DE LITIO DISPOSITIVOS &#8211; 2\u00ba BATER\u00cdA DE LITIO DISPOSITIVOS<\/span><\/td>\n<\/tr>\n<tr style=\"height: 24px\">\n<td style=\"width: 37.3913%;height: 24px\"><span style=\"font-size: 10pt\"><strong>PACK TV DIGIT 32\u00bb<\/strong><\/span><\/td>\n<td style=\"width: 151.449%;height: 24px\"><span style=\"font-size: 10pt;color: #808080\">ANTENA DIGITAL \u2013 BRAZO TV \u2013 SMART TV 32\u2019\u2019<\/span><\/td>\n<\/tr>\n<tr style=\"height: 24px\">\n<td style=\"width: 37.3913%;height: 24px\"><span style=\"font-size: 10pt\"><strong>PACK TV SAT 32\u00bb<\/strong><\/span><\/td>\n<td style=\"width: 151.449%;height: 24px\"><span style=\"font-size: 10pt;color: #808080\">ANTENA POR SAT\u00c9LITE \u2013 BRAZO TV \u2013 SMART TV 32\u2019\u2019<\/span><\/td>\n<\/tr>\n<tr style=\"height: 24px\">\n<td style=\"width: 37.3913%;height: 24px\"><span style=\"font-size: 10pt\"><strong>PACK TV WI-FI 32\u00bb<\/strong><\/span><\/td>\n<td style=\"width: 151.449%;height: 24px\"><span style=\"font-size: 10pt;color: #808080\">R\u00daTER WIFI \u2013 BRAZO TV \u2013 SMART TV 32\u2019\u2019<\/span><\/td>\n<\/tr>\n<\/tbody>\n<\/table><\/div>\n","protected":false},"excerpt":{"rendered":"<p>PACK ZEFIRO &#8211; Perfiladas (Pack ya incluido a costo cero, promoci\u00f3n v\u00e1lida hasta nuevo aviso) LUCES ANTINIEBLA &#8211; PARACHOQUES Y MOLDURAS LATERALES DEL COLOR DE LA CARROCER\u00cdA -LLANTAS DE ALEACI\u00d3N DE 16&#8243; BICOLOR &#8211; REVESTIMIENTO VOLANTE Y POMO DEL CAMBIO DE PIEL -FRENO DE MANO EL\u00c9CTRICO &#8211; TPMS (SENSOR DE PRESI\u00d3N DE LOS NEUM\u00c1TICOS) -SALPICADERO &hellip; <a href=\"https:\/\/www.rollerteam.com\/es\/packs-disponibles-zefiro\/\">Continued<\/a><\/p>\n","protected":false},"author":6,"featured_media":0,"parent":0,"menu_order":0,"comment_status":"closed","ping_status":"closed","template":"","meta":{"_acf_changed":false,"inline_featured_image":false,"footnotes":""},"class_list":["post-6090","page","type-page","status-publish","hentry"],"acf":[],"yoast_head":"<!-- This site is optimized with the Yoast SEO plugin v27.2 - https:\/\/yoast.com\/product\/yoast-seo-wordpress\/ -->\n<title>PACKS DISPONIBLES ZEFIRO - RollerTeam GLOBAL<\/title>\n<meta name=\"robots\" content=\"index, follow, max-snippet:-1, max-image-preview:large, max-video-preview:-1\" \/>\n<link rel=\"canonical\" href=\"https:\/\/www.rollerteam.com\/es\/packs-disponibles-zefiro\/\" \/>\n<meta property=\"og:locale\" content=\"es_ES\" \/>\n<meta property=\"og:type\" content=\"article\" \/>\n<meta property=\"og:title\" content=\"PACKS DISPONIBLES ZEFIRO - RollerTeam GLOBAL\" \/>\n<meta property=\"og:description\" content=\"PACK ZEFIRO &#8211; Perfiladas (Pack ya incluido a costo cero, promoci\u00f3n v\u00e1lida hasta nuevo aviso) LUCES ANTINIEBLA &#8211; PARACHOQUES Y MOLDURAS LATERALES DEL COLOR DE LA CARROCER\u00cdA -LLANTAS DE ALEACI\u00d3N DE 16&#8243; BICOLOR &#8211; REVESTIMIENTO VOLANTE Y POMO DEL CAMBIO DE PIEL -FRENO DE MANO EL\u00c9CTRICO &#8211; TPMS (SENSOR DE PRESI\u00d3N DE LOS NEUM\u00c1TICOS) -SALPICADERO &hellip; Continued\" \/>\n<meta property=\"og:url\" content=\"https:\/\/www.rollerteam.com\/es\/packs-disponibles-zefiro\/\" \/>\n<meta property=\"og:site_name\" content=\"RollerTeam GLOBAL\" \/>\n<meta property=\"article:modified_time\" content=\"2024-11-18T11:45:17+00:00\" \/>\n<meta property=\"og:image\" content=\"https:\/\/www.rollerteam.com\/wp-content\/uploads\/2024\/05\/390px-Fiat_logo.svg_-1-300x185.png\" \/>\n<meta name=\"twitter:card\" content=\"summary_large_image\" \/>\n<meta name=\"twitter:label1\" content=\"Tiempo de lectura\" \/>\n\t<meta name=\"twitter:data1\" content=\"3 minutos\" \/>\n<script type=\"application\/ld+json\" class=\"yoast-schema-graph\">{\"@context\":\"https:\/\/schema.org\",\"@graph\":[{\"@type\":\"WebPage\",\"@id\":\"https:\/\/www.rollerteam.com\/es\/packs-disponibles-zefiro\/\",\"url\":\"https:\/\/www.rollerteam.com\/es\/packs-disponibles-zefiro\/\",\"name\":\"PACKS DISPONIBLES ZEFIRO - RollerTeam GLOBAL\",\"isPartOf\":{\"@id\":\"https:\/\/www.rollerteam.com\/es\/#website\"},\"primaryImageOfPage\":{\"@id\":\"https:\/\/www.rollerteam.com\/es\/packs-disponibles-zefiro\/#primaryimage\"},\"image\":{\"@id\":\"https:\/\/www.rollerteam.com\/es\/packs-disponibles-zefiro\/#primaryimage\"},\"thumbnailUrl\":\"https:\/\/www.rollerteam.com\/wp-content\/uploads\/2024\/05\/390px-Fiat_logo.svg_-1-300x185.png\",\"datePublished\":\"2024-11-18T11:40:13+00:00\",\"dateModified\":\"2024-11-18T11:45:17+00:00\",\"breadcrumb\":{\"@id\":\"https:\/\/www.rollerteam.com\/es\/packs-disponibles-zefiro\/#breadcrumb\"},\"inLanguage\":\"es\",\"potentialAction\":[{\"@type\":\"ReadAction\",\"target\":[\"https:\/\/www.rollerteam.com\/es\/packs-disponibles-zefiro\/\"]}]},{\"@type\":\"ImageObject\",\"inLanguage\":\"es\",\"@id\":\"https:\/\/www.rollerteam.com\/es\/packs-disponibles-zefiro\/#primaryimage\",\"url\":\"https:\/\/www.rollerteam.com\/wp-content\/uploads\/2024\/05\/390px-Fiat_logo.svg_-1-300x185.png\",\"contentUrl\":\"https:\/\/www.rollerteam.com\/wp-content\/uploads\/2024\/05\/390px-Fiat_logo.svg_-1-300x185.png\"},{\"@type\":\"BreadcrumbList\",\"@id\":\"https:\/\/www.rollerteam.com\/es\/packs-disponibles-zefiro\/#breadcrumb\",\"itemListElement\":[{\"@type\":\"ListItem\",\"position\":1,\"name\":\"Home\",\"item\":\"https:\/\/www.rollerteam.com\/es\/\"},{\"@type\":\"ListItem\",\"position\":2,\"name\":\"PACKS DISPONIBLES ZEFIRO\"}]},{\"@type\":\"WebSite\",\"@id\":\"https:\/\/www.rollerteam.com\/es\/#website\",\"url\":\"https:\/\/www.rollerteam.com\/es\/\",\"name\":\"Trigano Master\",\"description\":\"\",\"potentialAction\":[{\"@type\":\"SearchAction\",\"target\":{\"@type\":\"EntryPoint\",\"urlTemplate\":\"https:\/\/www.rollerteam.com\/es\/?s={search_term_string}\"},\"query-input\":{\"@type\":\"PropertyValueSpecification\",\"valueRequired\":true,\"valueName\":\"search_term_string\"}}],\"inLanguage\":\"es\"}]}<\/script>\n<!-- \/ Yoast SEO plugin. -->","yoast_head_json":{"title":"PACKS DISPONIBLES ZEFIRO - RollerTeam GLOBAL","robots":{"index":"index","follow":"follow","max-snippet":"max-snippet:-1","max-image-preview":"max-image-preview:large","max-video-preview":"max-video-preview:-1"},"canonical":"https:\/\/www.rollerteam.com\/es\/packs-disponibles-zefiro\/","og_locale":"es_ES","og_type":"article","og_title":"PACKS DISPONIBLES ZEFIRO - RollerTeam GLOBAL","og_description":"PACK ZEFIRO &#8211; Perfiladas (Pack ya incluido a costo cero, promoci\u00f3n v\u00e1lida hasta nuevo aviso) LUCES ANTINIEBLA &#8211; PARACHOQUES Y MOLDURAS LATERALES DEL COLOR DE LA CARROCER\u00cdA -LLANTAS DE ALEACI\u00d3N DE 16&#8243; BICOLOR &#8211; REVESTIMIENTO VOLANTE Y POMO DEL CAMBIO DE PIEL -FRENO DE MANO EL\u00c9CTRICO &#8211; TPMS (SENSOR DE PRESI\u00d3N DE LOS NEUM\u00c1TICOS) -SALPICADERO &hellip; Continued","og_url":"https:\/\/www.rollerteam.com\/es\/packs-disponibles-zefiro\/","og_site_name":"RollerTeam GLOBAL","article_modified_time":"2024-11-18T11:45:17+00:00","og_image":[{"url":"https:\/\/www.rollerteam.com\/wp-content\/uploads\/2024\/05\/390px-Fiat_logo.svg_-1-300x185.png","type":"","width":"","height":""}],"twitter_card":"summary_large_image","twitter_misc":{"Tiempo de lectura":"3 minutos"},"schema":{"@context":"https:\/\/schema.org","@graph":[{"@type":"WebPage","@id":"https:\/\/www.rollerteam.com\/es\/packs-disponibles-zefiro\/","url":"https:\/\/www.rollerteam.com\/es\/packs-disponibles-zefiro\/","name":"PACKS DISPONIBLES ZEFIRO - RollerTeam GLOBAL","isPartOf":{"@id":"https:\/\/www.rollerteam.com\/es\/#website"},"primaryImageOfPage":{"@id":"https:\/\/www.rollerteam.com\/es\/packs-disponibles-zefiro\/#primaryimage"},"image":{"@id":"https:\/\/www.rollerteam.com\/es\/packs-disponibles-zefiro\/#primaryimage"},"thumbnailUrl":"https:\/\/www.rollerteam.com\/wp-content\/uploads\/2024\/05\/390px-Fiat_logo.svg_-1-300x185.png","datePublished":"2024-11-18T11:40:13+00:00","dateModified":"2024-11-18T11:45:17+00:00","breadcrumb":{"@id":"https:\/\/www.rollerteam.com\/es\/packs-disponibles-zefiro\/#breadcrumb"},"inLanguage":"es","potentialAction":[{"@type":"ReadAction","target":["https:\/\/www.rollerteam.com\/es\/packs-disponibles-zefiro\/"]}]},{"@type":"ImageObject","inLanguage":"es","@id":"https:\/\/www.rollerteam.com\/es\/packs-disponibles-zefiro\/#primaryimage","url":"https:\/\/www.rollerteam.com\/wp-content\/uploads\/2024\/05\/390px-Fiat_logo.svg_-1-300x185.png","contentUrl":"https:\/\/www.rollerteam.com\/wp-content\/uploads\/2024\/05\/390px-Fiat_logo.svg_-1-300x185.png"},{"@type":"BreadcrumbList","@id":"https:\/\/www.rollerteam.com\/es\/packs-disponibles-zefiro\/#breadcrumb","itemListElement":[{"@type":"ListItem","position":1,"name":"Home","item":"https:\/\/www.rollerteam.com\/es\/"},{"@type":"ListItem","position":2,"name":"PACKS DISPONIBLES ZEFIRO"}]},{"@type":"WebSite","@id":"https:\/\/www.rollerteam.com\/es\/#website","url":"https:\/\/www.rollerteam.com\/es\/","name":"Trigano Master","description":"","potentialAction":[{"@type":"SearchAction","target":{"@type":"EntryPoint","urlTemplate":"https:\/\/www.rollerteam.com\/es\/?s={search_term_string}"},"query-input":{"@type":"PropertyValueSpecification","valueRequired":true,"valueName":"search_term_string"}}],"inLanguage":"es"}]}},"_links":{"self":[{"href":"https:\/\/www.rollerteam.com\/es\/wp-json\/wp\/v2\/pages\/6090","targetHints":{"allow":["GET"]}}],"collection":[{"href":"https:\/\/www.rollerteam.com\/es\/wp-json\/wp\/v2\/pages"}],"about":[{"href":"https:\/\/www.rollerteam.com\/es\/wp-json\/wp\/v2\/types\/page"}],"author":[{"embeddable":true,"href":"https:\/\/www.rollerteam.com\/es\/wp-json\/wp\/v2\/users\/6"}],"replies":[{"embeddable":true,"href":"https:\/\/www.rollerteam.com\/es\/wp-json\/wp\/v2\/comments?post=6090"}],"version-history":[{"count":3,"href":"https:\/\/www.rollerteam.com\/es\/wp-json\/wp\/v2\/pages\/6090\/revisions"}],"predecessor-version":[{"id":6094,"href":"https:\/\/www.rollerteam.com\/es\/wp-json\/wp\/v2\/pages\/6090\/revisions\/6094"}],"wp:attachment":[{"href":"https:\/\/www.rollerteam.com\/es\/wp-json\/wp\/v2\/media?parent=6090"}],"curies":[{"name":"wp","href":"https:\/\/api.w.org\/{rel}","templated":true}]}}