{"id":6086,"date":"2024-11-18T10:50:45","date_gmt":"2024-11-18T09:50:45","guid":{"rendered":"https:\/\/www.rollerteam.com\/?page_id=6086"},"modified":"2024-11-18T10:50:45","modified_gmt":"2024-11-18T09:50:45","slug":"packs-disponibles-kronos-fit","status":"publish","type":"page","link":"https:\/\/www.rollerteam.com\/es\/packs-disponibles-kronos-fit\/","title":{"rendered":"PACKS DISPONIBLES KRONOS FIT"},"content":{"rendered":"<div class=\"table-responsive\"><table class=\"table\" class=\"table\" style=\"width: 95.7637%;height: 311px\" width=\"684\">\n<tbody>\n<tr style=\"height: 96px\">\n<td style=\"width: 37.3913%;height: 96px\"><span style=\"font-size: 10pt\"><strong><strong><span style=\"font-size: 10pt\">PACK KRONOS FIT<\/span><br \/>\n<\/strong><\/strong><span style=\"color: #808080\">(Pack ya incluido a costo cero, promoci\u00f3n v\u00e1lida hasta nuevo aviso)<\/span><\/span><\/td>\n<td style=\"width: 151.449%;height: 96px\"><span style=\"font-size: 10pt;color: #808080\"><span style=\"font-size: 10pt;color: #808080\">MOTOR 165 CV CON CAMBIO MANUAL &#8211; FAROS HIGH SERIES CON LUCES DE GIRO EST\u00c1TICAS &#8211; GUANTERA CON CERRADURA &#8211; REVESTIMIENTOS INTERIORES Y SALPICADERO \u00abTREND\u00bb &#8211; PARACHOQUES Y MOLDURAS LATERALES DEL COLOR DE LA CARROCER\u00cdA &#8211; PUERTA XL CON 2 PUNTOS DE CIERRE CON VENTANA Y CIERRE CENTRALIZADO &#8211; CP PLUS &#8211; SKYROOF &#8211; TAPA DE FREGADERO &#8211; FUNDAS ASIENTOS CABINA COORDINADAS CON LA TAPICER\u00cdA &#8211; <\/span><\/span><span style=\"font-size: 10pt;color: #808080\">PANEL SOLAR 200 W CON REGULADOR MPPT &#8211; OSCURECEDOR PLISADO<\/span><\/td>\n<\/tr>\n<tr style=\"height: 24px\">\n<td style=\"width: 37.3913%;height: 24px\" width=\"257\"><span style=\"font-size: 10pt\"><strong>PACK SELEKT FORD<\/strong><\/span><\/td>\n<td style=\"width: 151.449%;height: 24px\" width=\"427\"><span style=\"font-size: 10pt;color: #808080\">CAMBIO AUTOM\u00c1TICO \u2013 GRAFICA SELEKT<br \/>\n<\/span><\/td>\n<\/tr>\n<tr style=\"height: 10px\">\n<td style=\"width: 37.3913%;height: 10px\"><span style=\"font-size: 10pt\"><strong>PACK DESIGN FORD<\/strong><\/span><\/td>\n<td style=\"width: 151.449%;height: 10px\" width=\"427\"><span style=\"font-size: 10pt;color: #808080\">CABINA DE COLOR MOONDUST SILVER &#8211; LLANTAS DE ALEACI\u00d3N NEGRAS DE 16&#8243;<\/span><\/td>\n<\/tr>\n<tr style=\"height: 85px\">\n<td style=\"width: 37.3913%;height: 85px\"><span style=\"font-size: 10pt\"><strong>PACK EXTRA ASSISTANCE<\/strong><\/span><\/td>\n<td style=\"width: 151.449%;height: 85px\"><span style=\"font-size: 10pt;color: #808080\">DESEMPA\u00d1ADOR EL\u00c9CTRICO PARABRISA &#8211; REGULADOR DE LA VELOCIDAD DE CRUCERO ADAPTATIVO CON CENTRADO DEL CARRIL Y STOP&amp;GO &#8211; AYUDA PRECOLISI\u00d3N 2.2 &#8211; RECONOCIMIENTO DE SE\u00d1ALES DE VELOCIDAD 3, INTEGRADO CON CONTROL DE LA VELOCIDAD DE CRUCERO ADAPTATIVO -RETROVISORES CON DESEMPA\u00d1ADOR EL\u00c9CTRICO (PLEGABLES EL\u00c9CTRICAMENTE) &#8211; SISTEMA DE NAVEGACI\u00d3N<\/span><\/td>\n<\/tr>\n<tr style=\"height: 24px\">\n<td style=\"width: 37.3913%;height: 24px\"><span style=\"font-size: 10pt\"><strong>PACK OPEN AIR<\/strong><\/span><\/td>\n<td style=\"width: 151.449%;height: 24px\" width=\"427\"><span style=\"font-size: 10pt;color: #808080\"><span style=\"font-size: 10pt;color: #808080\">TOLDO ANTRACITA <span style=\"font-family: inherit\">\u2013 <\/span><\/span>TOMA DE GAS EXTERNA + DUCHA DE MANO EN EL GARAJE<\/span><\/td>\n<\/tr>\n<tr style=\"height: 24px\">\n<td style=\"width: 37.3913%;height: 24px\"><span style=\"font-size: 10pt\"><strong>PACK TV DIGIT<\/strong><\/span><\/td>\n<td style=\"width: 151.449%;height: 24px\"><span style=\"font-size: 10pt;color: #808080\">ANTENA DIGITAL \u2013 BRAZO TV \u2013 SMART TV 24\u2019\u2019<\/span><\/td>\n<\/tr>\n<tr style=\"height: 24px\">\n<td style=\"width: 37.3913%;height: 24px\"><span style=\"font-size: 10pt\"><strong>PACK TV SAT<\/strong><\/span><\/td>\n<td style=\"width: 151.449%;height: 24px\"><span style=\"font-size: 10pt;color: #808080\">ANTENA POR SAT\u00c9LITE \u2013 BRAZO TV \u2013 SMART TV 24\u2019\u2019<\/span><\/td>\n<\/tr>\n<tr style=\"height: 24px\">\n<td style=\"width: 37.3913%;height: 24px\"><span style=\"font-size: 10pt\"><strong>PACK TV WI-FI<\/strong><\/span><\/td>\n<td style=\"width: 151.449%;height: 24px\"><span style=\"font-size: 10pt;color: #808080\">R\u00daTER WIFI \u2013 BRAZO TV \u2013 SMART TV 24\u2019\u2019<\/span><\/td>\n<\/tr>\n<\/tbody>\n<\/table><\/div>\n","protected":false},"excerpt":{"rendered":"<p>PACK KRONOS FIT (Pack ya incluido a costo cero, promoci\u00f3n v\u00e1lida hasta nuevo aviso) MOTOR 165 CV CON CAMBIO MANUAL &#8211; FAROS HIGH SERIES CON LUCES DE GIRO EST\u00c1TICAS &#8211; GUANTERA CON CERRADURA &#8211; REVESTIMIENTOS INTERIORES Y SALPICADERO \u00abTREND\u00bb &#8211; PARACHOQUES Y MOLDURAS LATERALES DEL COLOR DE LA CARROCER\u00cdA &#8211; PUERTA XL CON 2 PUNTOS &hellip; <a href=\"https:\/\/www.rollerteam.com\/es\/packs-disponibles-kronos-fit\/\">Continued<\/a><\/p>\n","protected":false},"author":6,"featured_media":0,"parent":0,"menu_order":0,"comment_status":"closed","ping_status":"closed","template":"","meta":{"_acf_changed":false,"inline_featured_image":false,"footnotes":""},"class_list":["post-6086","page","type-page","status-publish","hentry"],"acf":[],"yoast_head":"<!-- This site is optimized with the Yoast SEO plugin v27.2 - https:\/\/yoast.com\/product\/yoast-seo-wordpress\/ -->\n<title>PACKS DISPONIBLES KRONOS FIT - RollerTeam GLOBAL<\/title>\n<meta name=\"robots\" content=\"index, follow, max-snippet:-1, max-image-preview:large, max-video-preview:-1\" \/>\n<link rel=\"canonical\" href=\"https:\/\/www.rollerteam.com\/es\/packs-disponibles-kronos-fit\/\" \/>\n<meta property=\"og:locale\" content=\"es_ES\" \/>\n<meta property=\"og:type\" content=\"article\" \/>\n<meta property=\"og:title\" content=\"PACKS DISPONIBLES KRONOS FIT - RollerTeam GLOBAL\" \/>\n<meta property=\"og:description\" content=\"PACK KRONOS FIT (Pack ya incluido a costo cero, promoci\u00f3n v\u00e1lida hasta nuevo aviso) MOTOR 165 CV CON CAMBIO MANUAL &#8211; FAROS HIGH SERIES CON LUCES DE GIRO EST\u00c1TICAS &#8211; GUANTERA CON CERRADURA &#8211; REVESTIMIENTOS INTERIORES Y SALPICADERO \u00abTREND\u00bb &#8211; PARACHOQUES Y MOLDURAS LATERALES DEL COLOR DE LA CARROCER\u00cdA &#8211; PUERTA XL CON 2 PUNTOS &hellip; Continued\" \/>\n<meta property=\"og:url\" content=\"https:\/\/www.rollerteam.com\/es\/packs-disponibles-kronos-fit\/\" \/>\n<meta property=\"og:site_name\" content=\"RollerTeam GLOBAL\" \/>\n<meta name=\"twitter:card\" content=\"summary_large_image\" \/>\n<meta name=\"twitter:label1\" content=\"Tiempo de lectura\" \/>\n\t<meta name=\"twitter:data1\" content=\"1 minuto\" \/>\n<script type=\"application\/ld+json\" class=\"yoast-schema-graph\">{\"@context\":\"https:\/\/schema.org\",\"@graph\":[{\"@type\":\"WebPage\",\"@id\":\"https:\/\/www.rollerteam.com\/es\/packs-disponibles-kronos-fit\/\",\"url\":\"https:\/\/www.rollerteam.com\/es\/packs-disponibles-kronos-fit\/\",\"name\":\"PACKS DISPONIBLES KRONOS FIT - RollerTeam GLOBAL\",\"isPartOf\":{\"@id\":\"https:\/\/www.rollerteam.com\/es\/#website\"},\"datePublished\":\"2024-11-18T09:50:45+00:00\",\"breadcrumb\":{\"@id\":\"https:\/\/www.rollerteam.com\/es\/packs-disponibles-kronos-fit\/#breadcrumb\"},\"inLanguage\":\"es\",\"potentialAction\":[{\"@type\":\"ReadAction\",\"target\":[\"https:\/\/www.rollerteam.com\/es\/packs-disponibles-kronos-fit\/\"]}]},{\"@type\":\"BreadcrumbList\",\"@id\":\"https:\/\/www.rollerteam.com\/es\/packs-disponibles-kronos-fit\/#breadcrumb\",\"itemListElement\":[{\"@type\":\"ListItem\",\"position\":1,\"name\":\"Home\",\"item\":\"https:\/\/www.rollerteam.com\/es\/\"},{\"@type\":\"ListItem\",\"position\":2,\"name\":\"PACKS DISPONIBLES KRONOS FIT\"}]},{\"@type\":\"WebSite\",\"@id\":\"https:\/\/www.rollerteam.com\/es\/#website\",\"url\":\"https:\/\/www.rollerteam.com\/es\/\",\"name\":\"Trigano Master\",\"description\":\"\",\"potentialAction\":[{\"@type\":\"SearchAction\",\"target\":{\"@type\":\"EntryPoint\",\"urlTemplate\":\"https:\/\/www.rollerteam.com\/es\/?s={search_term_string}\"},\"query-input\":{\"@type\":\"PropertyValueSpecification\",\"valueRequired\":true,\"valueName\":\"search_term_string\"}}],\"inLanguage\":\"es\"}]}<\/script>\n<!-- \/ Yoast SEO plugin. -->","yoast_head_json":{"title":"PACKS DISPONIBLES KRONOS FIT - RollerTeam GLOBAL","robots":{"index":"index","follow":"follow","max-snippet":"max-snippet:-1","max-image-preview":"max-image-preview:large","max-video-preview":"max-video-preview:-1"},"canonical":"https:\/\/www.rollerteam.com\/es\/packs-disponibles-kronos-fit\/","og_locale":"es_ES","og_type":"article","og_title":"PACKS DISPONIBLES KRONOS FIT - RollerTeam GLOBAL","og_description":"PACK KRONOS FIT (Pack ya incluido a costo cero, promoci\u00f3n v\u00e1lida hasta nuevo aviso) MOTOR 165 CV CON CAMBIO MANUAL &#8211; FAROS HIGH SERIES CON LUCES DE GIRO EST\u00c1TICAS &#8211; GUANTERA CON CERRADURA &#8211; REVESTIMIENTOS INTERIORES Y SALPICADERO \u00abTREND\u00bb &#8211; PARACHOQUES Y MOLDURAS LATERALES DEL COLOR DE LA CARROCER\u00cdA &#8211; PUERTA XL CON 2 PUNTOS &hellip; Continued","og_url":"https:\/\/www.rollerteam.com\/es\/packs-disponibles-kronos-fit\/","og_site_name":"RollerTeam GLOBAL","twitter_card":"summary_large_image","twitter_misc":{"Tiempo de lectura":"1 minuto"},"schema":{"@context":"https:\/\/schema.org","@graph":[{"@type":"WebPage","@id":"https:\/\/www.rollerteam.com\/es\/packs-disponibles-kronos-fit\/","url":"https:\/\/www.rollerteam.com\/es\/packs-disponibles-kronos-fit\/","name":"PACKS DISPONIBLES KRONOS FIT - RollerTeam GLOBAL","isPartOf":{"@id":"https:\/\/www.rollerteam.com\/es\/#website"},"datePublished":"2024-11-18T09:50:45+00:00","breadcrumb":{"@id":"https:\/\/www.rollerteam.com\/es\/packs-disponibles-kronos-fit\/#breadcrumb"},"inLanguage":"es","potentialAction":[{"@type":"ReadAction","target":["https:\/\/www.rollerteam.com\/es\/packs-disponibles-kronos-fit\/"]}]},{"@type":"BreadcrumbList","@id":"https:\/\/www.rollerteam.com\/es\/packs-disponibles-kronos-fit\/#breadcrumb","itemListElement":[{"@type":"ListItem","position":1,"name":"Home","item":"https:\/\/www.rollerteam.com\/es\/"},{"@type":"ListItem","position":2,"name":"PACKS DISPONIBLES KRONOS FIT"}]},{"@type":"WebSite","@id":"https:\/\/www.rollerteam.com\/es\/#website","url":"https:\/\/www.rollerteam.com\/es\/","name":"Trigano Master","description":"","potentialAction":[{"@type":"SearchAction","target":{"@type":"EntryPoint","urlTemplate":"https:\/\/www.rollerteam.com\/es\/?s={search_term_string}"},"query-input":{"@type":"PropertyValueSpecification","valueRequired":true,"valueName":"search_term_string"}}],"inLanguage":"es"}]}},"_links":{"self":[{"href":"https:\/\/www.rollerteam.com\/es\/wp-json\/wp\/v2\/pages\/6086","targetHints":{"allow":["GET"]}}],"collection":[{"href":"https:\/\/www.rollerteam.com\/es\/wp-json\/wp\/v2\/pages"}],"about":[{"href":"https:\/\/www.rollerteam.com\/es\/wp-json\/wp\/v2\/types\/page"}],"author":[{"embeddable":true,"href":"https:\/\/www.rollerteam.com\/es\/wp-json\/wp\/v2\/users\/6"}],"replies":[{"embeddable":true,"href":"https:\/\/www.rollerteam.com\/es\/wp-json\/wp\/v2\/comments?post=6086"}],"version-history":[{"count":1,"href":"https:\/\/www.rollerteam.com\/es\/wp-json\/wp\/v2\/pages\/6086\/revisions"}],"predecessor-version":[{"id":6087,"href":"https:\/\/www.rollerteam.com\/es\/wp-json\/wp\/v2\/pages\/6086\/revisions\/6087"}],"wp:attachment":[{"href":"https:\/\/www.rollerteam.com\/es\/wp-json\/wp\/v2\/media?parent=6086"}],"curies":[{"name":"wp","href":"https:\/\/api.w.org\/{rel}","templated":true}]}}