{"id":2611,"date":"2024-05-09T15:45:47","date_gmt":"2024-05-09T13:45:47","guid":{"rendered":"https:\/\/www.rollerteam.com\/?page_id=2611"},"modified":"2024-06-06T12:17:25","modified_gmt":"2024-06-06T10:17:25","slug":"primera-vez-en-una-caravana","status":"publish","type":"page","link":"https:\/\/www.rollerteam.com\/es\/primera-vez-en-una-caravana\/","title":{"rendered":"Primera vez en una caravana?"},"content":{"rendered":"","protected":false},"excerpt":{"rendered":"","protected":false},"author":2,"featured_media":0,"parent":0,"menu_order":0,"comment_status":"closed","ping_status":"closed","template":"template-wizard.blade.php","meta":{"_acf_changed":false,"inline_featured_image":false,"footnotes":""},"class_list":["post-2611","page","type-page","status-publish","hentry"],"acf":[],"yoast_head":"<!-- This site is optimized with the Yoast SEO plugin v27.2 - https:\/\/yoast.com\/product\/yoast-seo-wordpress\/ -->\n<title>Descubra qu\u00e9 autocaravana es la adecuada para usted | Roller Team<\/title>\n<meta name=\"description\" content=\"Selecciona el n\u00famero de pasajeros, tipo de vacaciones y destino y descubre qu\u00e9 autocaravana Roller Team es perfecta para ti.\" \/>\n<meta name=\"robots\" content=\"index, follow, max-snippet:-1, max-image-preview:large, max-video-preview:-1\" \/>\n<link rel=\"canonical\" href=\"https:\/\/www.rollerteam.com\/es\/primera-vez-en-una-caravana\/\" \/>\n<meta property=\"og:locale\" content=\"es_ES\" \/>\n<meta property=\"og:type\" content=\"article\" \/>\n<meta property=\"og:title\" content=\"Descubra qu\u00e9 autocaravana es la adecuada para usted | Roller Team\" \/>\n<meta property=\"og:description\" content=\"Selecciona el n\u00famero de pasajeros, tipo de vacaciones y destino y descubre qu\u00e9 autocaravana Roller Team es perfecta para ti.\" \/>\n<meta property=\"og:url\" content=\"https:\/\/www.rollerteam.com\/es\/primera-vez-en-una-caravana\/\" \/>\n<meta property=\"og:site_name\" content=\"RollerTeam GLOBAL\" \/>\n<meta property=\"article:modified_time\" content=\"2024-06-06T10:17:25+00:00\" \/>\n<meta name=\"twitter:card\" content=\"summary_large_image\" \/>\n<script type=\"application\/ld+json\" class=\"yoast-schema-graph\">{\"@context\":\"https:\/\/schema.org\",\"@graph\":[{\"@type\":\"WebPage\",\"@id\":\"https:\/\/www.rollerteam.com\/es\/primera-vez-en-una-caravana\/\",\"url\":\"https:\/\/www.rollerteam.com\/es\/primera-vez-en-una-caravana\/\",\"name\":\"Descubra qu\u00e9 autocaravana es la adecuada para usted | Roller Team\",\"isPartOf\":{\"@id\":\"https:\/\/www.rollerteam.com\/es\/#website\"},\"datePublished\":\"2024-05-09T13:45:47+00:00\",\"dateModified\":\"2024-06-06T10:17:25+00:00\",\"description\":\"Selecciona el n\u00famero de pasajeros, tipo de vacaciones y destino y descubre qu\u00e9 autocaravana Roller Team es perfecta para ti.\",\"breadcrumb\":{\"@id\":\"https:\/\/www.rollerteam.com\/es\/primera-vez-en-una-caravana\/#breadcrumb\"},\"inLanguage\":\"es\",\"potentialAction\":[{\"@type\":\"ReadAction\",\"target\":[\"https:\/\/www.rollerteam.com\/es\/primera-vez-en-una-caravana\/\"]}]},{\"@type\":\"BreadcrumbList\",\"@id\":\"https:\/\/www.rollerteam.com\/es\/primera-vez-en-una-caravana\/#breadcrumb\",\"itemListElement\":[{\"@type\":\"ListItem\",\"position\":1,\"name\":\"Home\",\"item\":\"https:\/\/www.rollerteam.com\/es\/\"},{\"@type\":\"ListItem\",\"position\":2,\"name\":\"Primera vez en una caravana?\"}]},{\"@type\":\"WebSite\",\"@id\":\"https:\/\/www.rollerteam.com\/es\/#website\",\"url\":\"https:\/\/www.rollerteam.com\/es\/\",\"name\":\"Trigano Master\",\"description\":\"\",\"potentialAction\":[{\"@type\":\"SearchAction\",\"target\":{\"@type\":\"EntryPoint\",\"urlTemplate\":\"https:\/\/www.rollerteam.com\/es\/?s={search_term_string}\"},\"query-input\":{\"@type\":\"PropertyValueSpecification\",\"valueRequired\":true,\"valueName\":\"search_term_string\"}}],\"inLanguage\":\"es\"}]}<\/script>\n<!-- \/ Yoast SEO plugin. -->","yoast_head_json":{"title":"Descubra qu\u00e9 autocaravana es la adecuada para usted | Roller Team","description":"Selecciona el n\u00famero de pasajeros, tipo de vacaciones y destino y descubre qu\u00e9 autocaravana Roller Team es perfecta para ti.","robots":{"index":"index","follow":"follow","max-snippet":"max-snippet:-1","max-image-preview":"max-image-preview:large","max-video-preview":"max-video-preview:-1"},"canonical":"https:\/\/www.rollerteam.com\/es\/primera-vez-en-una-caravana\/","og_locale":"es_ES","og_type":"article","og_title":"Descubra qu\u00e9 autocaravana es la adecuada para usted | Roller Team","og_description":"Selecciona el n\u00famero de pasajeros, tipo de vacaciones y destino y descubre qu\u00e9 autocaravana Roller Team es perfecta para ti.","og_url":"https:\/\/www.rollerteam.com\/es\/primera-vez-en-una-caravana\/","og_site_name":"RollerTeam GLOBAL","article_modified_time":"2024-06-06T10:17:25+00:00","twitter_card":"summary_large_image","schema":{"@context":"https:\/\/schema.org","@graph":[{"@type":"WebPage","@id":"https:\/\/www.rollerteam.com\/es\/primera-vez-en-una-caravana\/","url":"https:\/\/www.rollerteam.com\/es\/primera-vez-en-una-caravana\/","name":"Descubra qu\u00e9 autocaravana es la adecuada para usted | Roller Team","isPartOf":{"@id":"https:\/\/www.rollerteam.com\/es\/#website"},"datePublished":"2024-05-09T13:45:47+00:00","dateModified":"2024-06-06T10:17:25+00:00","description":"Selecciona el n\u00famero de pasajeros, tipo de vacaciones y destino y descubre qu\u00e9 autocaravana Roller Team es perfecta para ti.","breadcrumb":{"@id":"https:\/\/www.rollerteam.com\/es\/primera-vez-en-una-caravana\/#breadcrumb"},"inLanguage":"es","potentialAction":[{"@type":"ReadAction","target":["https:\/\/www.rollerteam.com\/es\/primera-vez-en-una-caravana\/"]}]},{"@type":"BreadcrumbList","@id":"https:\/\/www.rollerteam.com\/es\/primera-vez-en-una-caravana\/#breadcrumb","itemListElement":[{"@type":"ListItem","position":1,"name":"Home","item":"https:\/\/www.rollerteam.com\/es\/"},{"@type":"ListItem","position":2,"name":"Primera vez en una caravana?"}]},{"@type":"WebSite","@id":"https:\/\/www.rollerteam.com\/es\/#website","url":"https:\/\/www.rollerteam.com\/es\/","name":"Trigano Master","description":"","potentialAction":[{"@type":"SearchAction","target":{"@type":"EntryPoint","urlTemplate":"https:\/\/www.rollerteam.com\/es\/?s={search_term_string}"},"query-input":{"@type":"PropertyValueSpecification","valueRequired":true,"valueName":"search_term_string"}}],"inLanguage":"es"}]}},"_links":{"self":[{"href":"https:\/\/www.rollerteam.com\/es\/wp-json\/wp\/v2\/pages\/2611","targetHints":{"allow":["GET"]}}],"collection":[{"href":"https:\/\/www.rollerteam.com\/es\/wp-json\/wp\/v2\/pages"}],"about":[{"href":"https:\/\/www.rollerteam.com\/es\/wp-json\/wp\/v2\/types\/page"}],"author":[{"embeddable":true,"href":"https:\/\/www.rollerteam.com\/es\/wp-json\/wp\/v2\/users\/2"}],"replies":[{"embeddable":true,"href":"https:\/\/www.rollerteam.com\/es\/wp-json\/wp\/v2\/comments?post=2611"}],"version-history":[{"count":4,"href":"https:\/\/www.rollerteam.com\/es\/wp-json\/wp\/v2\/pages\/2611\/revisions"}],"predecessor-version":[{"id":3057,"href":"https:\/\/www.rollerteam.com\/es\/wp-json\/wp\/v2\/pages\/2611\/revisions\/3057"}],"wp:attachment":[{"href":"https:\/\/www.rollerteam.com\/es\/wp-json\/wp\/v2\/media?parent=2611"}],"curies":[{"name":"wp","href":"https:\/\/api.w.org\/{rel}","templated":true}]}}