{"id":6030,"date":"2024-11-15T14:32:30","date_gmt":"2024-11-15T13:32:30","guid":{"rendered":"https:\/\/www.rollerteam.com\/?page_id=6030"},"modified":"2024-11-15T14:32:30","modified_gmt":"2024-11-15T13:32:30","slug":"verfuegbare-livingstone-sport-pakete","status":"publish","type":"page","link":"https:\/\/www.rollerteam.com\/de\/verfuegbare-livingstone-sport-pakete\/","title":{"rendered":"VERF\u00dcGBARE LIVINGSTONE SPORT PAKETE"},"content":{"rendered":"<div class=\"table-responsive\"><table class=\"table\" class=\"table\" style=\"width: 99.014%;height: 362px\" width=\"684\">\n<tbody>\n<tr style=\"height: 31px\">\n<td style=\"width: 37.2464%;height: 31px\"><strong><span style=\"font-size: 10pt\">PAINTED BUMPER PACK\u00a0<\/span><\/strong><\/td>\n<td style=\"width: 152.852%;height: 31px\"><span style=\"font-size: 10pt;color: #808080\">LACKIERTE STO\u00dfSTANGE VORNE (IN FAHRZEUGFARBE) &#8211; SCHWARZER UNTERFAHRSCHUTZ &#8211; NEBELSCHEINWERFER<\/span><\/td>\n<\/tr>\n<tr style=\"height: 24px\">\n<td style=\"width: 37.2464%;height: 24px\" width=\"257\"><strong><span style=\"font-size: 10pt\">TWO COLOR ALLOY WHEELS PACK\u00a0<\/span><\/strong><\/td>\n<td style=\"width: 152.852%;height: 24px\" width=\"427\"><span style=\"font-size: 10pt;color: #808080\">16\u201c LEICHTMETALLFELGEN &#8211; TECHNO ARMATURENBRETT &#8211; LEDERLENKRAD UND &#8211; SCHALTKNAUF<\/span><\/td>\n<\/tr>\n<tr style=\"height: 17px\">\n<td style=\"width: 37.2464%;height: 17px\"><strong><span style=\"font-size: 10pt\">TRAVEL 9\u201d PACK\u00a0<\/span><\/strong><\/td>\n<td style=\"width: 152.852%;height: 17px\" width=\"427\"><span style=\"font-size: 10pt;color: #808080\">RADIO NAV 9\u201c PIONEER APPLE CARPLAY \/ ANDROID AUTO MIT LENKRADBEDIENUNG F\u00dcR RADIO &#8211; R\u00dcCKFAHRKAMERA<\/span><\/td>\n<\/tr>\n<tr style=\"height: 13px\">\n<td style=\"width: 37.2464%;height: 13px\"><strong><span style=\"font-size: 10pt\">LOUNGE PACK\u00a0<\/span><\/strong><\/td>\n<td style=\"width: 152.852%;height: 13px\" width=\"427\"><span style=\"font-size: 10pt;color: #808080\">AUTOMATISCHE KLIMAANLAGE &#8211; KABELLOSES LADEGER\u00c4T F\u00dcR SMARTPHONE &#8211; VOLLDIGITALES KOMBIINSTRUMENT<\/span><\/td>\n<\/tr>\n<tr style=\"height: 24px\">\n<td style=\"width: 37.2464%;height: 24px\"><strong><span style=\"font-size: 10pt\">\u00a0VISION 2 PACK<\/span><\/strong><\/td>\n<td style=\"width: 152.852%;height: 24px\"><span style=\"font-size: 10pt;color: #808080\">ELEKTRISCH ANKLAPPBARE R\u00dcCKSPIEGEL \u2013 PARKSENSOREN \u2013 TOTWINKELASSISTENT<\/span><\/td>\n<\/tr>\n<tr style=\"height: 24px\">\n<td style=\"width: 37.2464%;height: 24px\"><strong><span style=\"font-size: 10pt\">PRESTIGE PACK<\/span><\/strong><\/td>\n<td style=\"width: 152.852%;height: 24px\"><span style=\"font-size: 10pt;color: #808080\">SOLARPANEL \u2013 MARKISE<\/span><\/td>\n<\/tr>\n<tr style=\"height: 72px\">\n<td style=\"width: 37.2464%;height: 72px\"><strong><span style=\"font-size: 10pt\">SAFETY PACK<\/span><\/strong><\/td>\n<td style=\"width: 152.852%;height: 72px\"><span style=\"font-size: 10pt;color: #808080\">NOTBREMSASSISTENT (+ FUSSG\u00c4NGER-\/RADFAHRERERKENNUNG) \u2013 LICHT- UND SCHEIBENWISCHERAUTOMATIK SPURHALTEASSISTENT \u2013 LANE CONTROL &#8211; VERKEHRSZEICHENERKENNUNG \u2013 M\u00dcDIGKEITSWARNER INTELLIGENTER GESCHWINDIGKEITSASSISTENT<\/span><\/td>\n<\/tr>\n<tr style=\"height: 63px\">\n<td style=\"width: 37.2464%;height: 63px\"><strong><span style=\"font-size: 10pt\">ARCTIC PACK<\/span><\/strong><\/td>\n<td style=\"width: 152.852%;height: 63px\"><span style=\"font-size: 10pt;color: #808080\">H\u00d6HERE HEIZLEISTUNG 6 KW &#8211; DIGITALES MULTIFUNKTIONS BEDIENFELD &#8211; WINTER PAKET -THERMISCHE ABDECKUNGEN F\u00dcR DAS ARMATURENBRETT DER FAHRERKABINE &#8211; \u00c4U\u00dfERE THERMISCHE ABDECKUNGEN F\u00dcR DIE FAHRERKABINE VORHANG-SET (Plissee-Vorhang f\u00fcr die Dinette und Vorh\u00e4nge f\u00fcr die Heckt\u00fcren) Au\u00dfer der Livingstone-Serie &#8211; THERMISCH ISOLIERENDE ABDECKUNGEN F\u00dcR DIE FENSTER<\/span><\/td>\n<\/tr>\n<tr style=\"height: 61px\">\n<td style=\"width: 37.2464%;height: 61px\"><strong><span style=\"font-size: 10pt\">WINTER PACK<\/span><\/strong><\/td>\n<td style=\"width: 152.852%;height: 61px\"><span style=\"font-size: 10pt;color: #808080\">ISOLIERUNG DES GRAUWASSERTANKS DURCH EINE 15 MM DICKE POLYURETHANSCHICHT &#8211;\u00a0ELEKTRISCHE SONDE MIT THERMOSTAT IN DER N\u00c4HE DES ABLASSVENTILS &#8211;\u00a0ISOLIERUNG DER EXTERNEN WASSERLEITUNGEN &#8211; ISOLIERUNG DER EXTERNEN HEIZLEITUNGEN.<\/span><\/td>\n<\/tr>\n<\/tbody>\n<\/table><\/div>\n","protected":false},"excerpt":{"rendered":"<p>PAINTED BUMPER PACK\u00a0 LACKIERTE STO\u00dfSTANGE VORNE (IN FAHRZEUGFARBE) &#8211; SCHWARZER UNTERFAHRSCHUTZ &#8211; NEBELSCHEINWERFER TWO COLOR ALLOY WHEELS PACK\u00a0 16\u201c LEICHTMETALLFELGEN &#8211; TECHNO ARMATURENBRETT &#8211; LEDERLENKRAD UND &#8211; SCHALTKNAUF TRAVEL 9\u201d PACK\u00a0 RADIO NAV 9\u201c PIONEER APPLE CARPLAY \/ ANDROID AUTO MIT LENKRADBEDIENUNG F\u00dcR RADIO &#8211; R\u00dcCKFAHRKAMERA LOUNGE PACK\u00a0 AUTOMATISCHE KLIMAANLAGE &#8211; KABELLOSES LADEGER\u00c4T F\u00dcR SMARTPHONE &hellip; <a href=\"https:\/\/www.rollerteam.com\/de\/verfuegbare-livingstone-sport-pakete\/\">Continued<\/a><\/p>\n","protected":false},"author":6,"featured_media":0,"parent":0,"menu_order":0,"comment_status":"closed","ping_status":"closed","template":"","meta":{"_acf_changed":false,"inline_featured_image":false,"footnotes":""},"class_list":["post-6030","page","type-page","status-publish","hentry"],"acf":[],"yoast_head":"<!-- This site is optimized with the Yoast SEO plugin v27.2 - https:\/\/yoast.com\/product\/yoast-seo-wordpress\/ -->\n<title>VERF\u00dcGBARE LIVINGSTONE SPORT PAKETE - RollerTeam GLOBAL<\/title>\n<meta name=\"robots\" content=\"index, follow, max-snippet:-1, max-image-preview:large, max-video-preview:-1\" \/>\n<link rel=\"canonical\" href=\"https:\/\/www.rollerteam.com\/de\/verfuegbare-livingstone-sport-pakete\/\" \/>\n<meta property=\"og:locale\" content=\"de_DE\" \/>\n<meta property=\"og:type\" content=\"article\" \/>\n<meta property=\"og:title\" content=\"VERF\u00dcGBARE LIVINGSTONE SPORT PAKETE - RollerTeam GLOBAL\" \/>\n<meta property=\"og:description\" content=\"PAINTED BUMPER PACK\u00a0 LACKIERTE STO\u00dfSTANGE VORNE (IN FAHRZEUGFARBE) &#8211; SCHWARZER UNTERFAHRSCHUTZ &#8211; NEBELSCHEINWERFER TWO COLOR ALLOY WHEELS PACK\u00a0 16\u201c LEICHTMETALLFELGEN &#8211; TECHNO ARMATURENBRETT &#8211; LEDERLENKRAD UND &#8211; SCHALTKNAUF TRAVEL 9\u201d PACK\u00a0 RADIO NAV 9\u201c PIONEER APPLE CARPLAY \/ ANDROID AUTO MIT LENKRADBEDIENUNG F\u00dcR RADIO &#8211; R\u00dcCKFAHRKAMERA LOUNGE PACK\u00a0 AUTOMATISCHE KLIMAANLAGE &#8211; KABELLOSES LADEGER\u00c4T F\u00dcR SMARTPHONE &hellip; Continued\" \/>\n<meta property=\"og:url\" content=\"https:\/\/www.rollerteam.com\/de\/verfuegbare-livingstone-sport-pakete\/\" \/>\n<meta property=\"og:site_name\" content=\"RollerTeam GLOBAL\" \/>\n<meta name=\"twitter:card\" content=\"summary_large_image\" \/>\n<meta name=\"twitter:label1\" content=\"Gesch\u00e4tzte Lesezeit\" \/>\n\t<meta name=\"twitter:data1\" content=\"1\u00a0Minute\" \/>\n<script type=\"application\/ld+json\" class=\"yoast-schema-graph\">{\"@context\":\"https:\/\/schema.org\",\"@graph\":[{\"@type\":\"WebPage\",\"@id\":\"https:\/\/www.rollerteam.com\/de\/verfuegbare-livingstone-sport-pakete\/\",\"url\":\"https:\/\/www.rollerteam.com\/de\/verfuegbare-livingstone-sport-pakete\/\",\"name\":\"VERF\u00dcGBARE LIVINGSTONE SPORT PAKETE - RollerTeam GLOBAL\",\"isPartOf\":{\"@id\":\"https:\/\/www.rollerteam.com\/de\/#website\"},\"datePublished\":\"2024-11-15T13:32:30+00:00\",\"breadcrumb\":{\"@id\":\"https:\/\/www.rollerteam.com\/de\/verfuegbare-livingstone-sport-pakete\/#breadcrumb\"},\"inLanguage\":\"de\",\"potentialAction\":[{\"@type\":\"ReadAction\",\"target\":[\"https:\/\/www.rollerteam.com\/de\/verfuegbare-livingstone-sport-pakete\/\"]}]},{\"@type\":\"BreadcrumbList\",\"@id\":\"https:\/\/www.rollerteam.com\/de\/verfuegbare-livingstone-sport-pakete\/#breadcrumb\",\"itemListElement\":[{\"@type\":\"ListItem\",\"position\":1,\"name\":\"Home\",\"item\":\"https:\/\/www.rollerteam.com\/de\/\"},{\"@type\":\"ListItem\",\"position\":2,\"name\":\"VERF\u00dcGBARE LIVINGSTONE SPORT PAKETE\"}]},{\"@type\":\"WebSite\",\"@id\":\"https:\/\/www.rollerteam.com\/de\/#website\",\"url\":\"https:\/\/www.rollerteam.com\/de\/\",\"name\":\"Trigano Master\",\"description\":\"\",\"potentialAction\":[{\"@type\":\"SearchAction\",\"target\":{\"@type\":\"EntryPoint\",\"urlTemplate\":\"https:\/\/www.rollerteam.com\/de\/?s={search_term_string}\"},\"query-input\":{\"@type\":\"PropertyValueSpecification\",\"valueRequired\":true,\"valueName\":\"search_term_string\"}}],\"inLanguage\":\"de\"}]}<\/script>\n<!-- \/ Yoast SEO plugin. -->","yoast_head_json":{"title":"VERF\u00dcGBARE LIVINGSTONE SPORT PAKETE - RollerTeam GLOBAL","robots":{"index":"index","follow":"follow","max-snippet":"max-snippet:-1","max-image-preview":"max-image-preview:large","max-video-preview":"max-video-preview:-1"},"canonical":"https:\/\/www.rollerteam.com\/de\/verfuegbare-livingstone-sport-pakete\/","og_locale":"de_DE","og_type":"article","og_title":"VERF\u00dcGBARE LIVINGSTONE SPORT PAKETE - RollerTeam GLOBAL","og_description":"PAINTED BUMPER PACK\u00a0 LACKIERTE STO\u00dfSTANGE VORNE (IN FAHRZEUGFARBE) &#8211; SCHWARZER UNTERFAHRSCHUTZ &#8211; NEBELSCHEINWERFER TWO COLOR ALLOY WHEELS PACK\u00a0 16\u201c LEICHTMETALLFELGEN &#8211; TECHNO ARMATURENBRETT &#8211; LEDERLENKRAD UND &#8211; SCHALTKNAUF TRAVEL 9\u201d PACK\u00a0 RADIO NAV 9\u201c PIONEER APPLE CARPLAY \/ ANDROID AUTO MIT LENKRADBEDIENUNG F\u00dcR RADIO &#8211; R\u00dcCKFAHRKAMERA LOUNGE PACK\u00a0 AUTOMATISCHE KLIMAANLAGE &#8211; KABELLOSES LADEGER\u00c4T F\u00dcR SMARTPHONE &hellip; Continued","og_url":"https:\/\/www.rollerteam.com\/de\/verfuegbare-livingstone-sport-pakete\/","og_site_name":"RollerTeam GLOBAL","twitter_card":"summary_large_image","twitter_misc":{"Gesch\u00e4tzte Lesezeit":"1\u00a0Minute"},"schema":{"@context":"https:\/\/schema.org","@graph":[{"@type":"WebPage","@id":"https:\/\/www.rollerteam.com\/de\/verfuegbare-livingstone-sport-pakete\/","url":"https:\/\/www.rollerteam.com\/de\/verfuegbare-livingstone-sport-pakete\/","name":"VERF\u00dcGBARE LIVINGSTONE SPORT PAKETE - RollerTeam GLOBAL","isPartOf":{"@id":"https:\/\/www.rollerteam.com\/de\/#website"},"datePublished":"2024-11-15T13:32:30+00:00","breadcrumb":{"@id":"https:\/\/www.rollerteam.com\/de\/verfuegbare-livingstone-sport-pakete\/#breadcrumb"},"inLanguage":"de","potentialAction":[{"@type":"ReadAction","target":["https:\/\/www.rollerteam.com\/de\/verfuegbare-livingstone-sport-pakete\/"]}]},{"@type":"BreadcrumbList","@id":"https:\/\/www.rollerteam.com\/de\/verfuegbare-livingstone-sport-pakete\/#breadcrumb","itemListElement":[{"@type":"ListItem","position":1,"name":"Home","item":"https:\/\/www.rollerteam.com\/de\/"},{"@type":"ListItem","position":2,"name":"VERF\u00dcGBARE LIVINGSTONE SPORT PAKETE"}]},{"@type":"WebSite","@id":"https:\/\/www.rollerteam.com\/de\/#website","url":"https:\/\/www.rollerteam.com\/de\/","name":"Trigano Master","description":"","potentialAction":[{"@type":"SearchAction","target":{"@type":"EntryPoint","urlTemplate":"https:\/\/www.rollerteam.com\/de\/?s={search_term_string}"},"query-input":{"@type":"PropertyValueSpecification","valueRequired":true,"valueName":"search_term_string"}}],"inLanguage":"de"}]}},"_links":{"self":[{"href":"https:\/\/www.rollerteam.com\/de\/wp-json\/wp\/v2\/pages\/6030","targetHints":{"allow":["GET"]}}],"collection":[{"href":"https:\/\/www.rollerteam.com\/de\/wp-json\/wp\/v2\/pages"}],"about":[{"href":"https:\/\/www.rollerteam.com\/de\/wp-json\/wp\/v2\/types\/page"}],"author":[{"embeddable":true,"href":"https:\/\/www.rollerteam.com\/de\/wp-json\/wp\/v2\/users\/6"}],"replies":[{"embeddable":true,"href":"https:\/\/www.rollerteam.com\/de\/wp-json\/wp\/v2\/comments?post=6030"}],"version-history":[{"count":1,"href":"https:\/\/www.rollerteam.com\/de\/wp-json\/wp\/v2\/pages\/6030\/revisions"}],"predecessor-version":[{"id":6031,"href":"https:\/\/www.rollerteam.com\/de\/wp-json\/wp\/v2\/pages\/6030\/revisions\/6031"}],"wp:attachment":[{"href":"https:\/\/www.rollerteam.com\/de\/wp-json\/wp\/v2\/media?parent=6030"}],"curies":[{"name":"wp","href":"https:\/\/api.w.org\/{rel}","templated":true}]}}