{"id":6010,"date":"2024-11-14T12:53:50","date_gmt":"2024-11-14T11:53:50","guid":{"rendered":"https:\/\/www.rollerteam.com\/?page_id=6010"},"modified":"2025-11-25T12:36:30","modified_gmt":"2025-11-25T11:36:30","slug":"verfuegbare-kronos-pakete","status":"publish","type":"page","link":"https:\/\/www.rollerteam.com\/de\/verfuegbare-kronos-pakete\/","title":{"rendered":"VERF\u00dcGBARE KRONOS PAKETE"},"content":{"rendered":"<div class=\"table-responsive\"><table class=\"table\" class=\"table\" style=\"width: 94.4616%;height: 549px\">\n<tbody>\n<tr style=\"height: 144px\">\n<td style=\"width: 37.2688%;height: 125px\"><span style=\"font-size: 10pt\"><strong>PACK KRONOS FORD<br \/>\n<\/strong><strong><span style=\"color: #808080;font-size: 8pt\">(Kostenloses Paket bereits inbegriffen, Aktion gilt bis auf weiteres f\u00fcr die Einf\u00fchrungspreise)<\/span><\/strong><br \/>\n<\/span><\/td>\n<td style=\"width: 145.946%;height: 125px\"><span style=\"color: #808080\">165 PS LIGHT DUTY MOTOR, SCHALTGETRIEBE, \u201eHIGH SERIES HAUPTSCHEINWERFER\u201c, ABSCHLIESSBARES <\/span><span style=\"color: #808080\">HANDSCHUHFACH, \u201eTREND\u201c INNENDEKOR, FRONTSTOSSSTANGE UND SEITLICHE ZIERSTREIFEN IN WAGENFARBE &#8211;<\/span><span style=\"color: #808080\">XL-T\u00dcR MIT ZWEI SCHLIESSPUNKTEN, FENSTER UND ZENTRALVERRIEGELUNG \u2013 CP-PLUS \u2013 OPEN SKY PANORAMA <\/span><span style=\"color: #808080\">DACHFENSTER (Teilintegrierte) \u2013 SP\u00dcLENABDECKUNG \u2013 AUF DIE POLSTER UND BEZ\u00dcGE ABGESTIMMTE <\/span><span style=\"color: #808080\">SITZ\u00dcBERZ\u00dcGE IM FAHRERHAUS \u2013 SOLARMODUL 200 W MIT MPPT-LADEREGLER \u2013 PLISSEE-VERDUNKELUNG IM<\/span><br \/>\n<span style=\"color: #808080\">FAHREHRHAUS<\/span><\/td>\n<\/tr>\n<tr style=\"height: 168px\">\n<td style=\"width: 37.2688%;height: 168px\"><span style=\"font-size: 10pt\"><strong>PACK KRONOS FIAT<br \/>\n<span style=\"color: #808080;font-size: 8pt\">(Kostenloses Paket bereits inbegriffen, Aktion gilt bis auf weiteres f\u00fcr die Einf\u00fchrungspreise)<\/span><\/strong><\/span><\/td>\n<td style=\"width: 145.946%;height: 168px\"><span style=\"color: #808080\">NEBELSCHEINWERFER \u2013 LACKIERTE STOSSSTANGE VORNE (IN FAHRZEUGFARBE) \u2013 SCHWARZER<br \/>\nUNTERFAHRSCHUTZ &#8211; 16\u2019\u2019-LEICHTMETALLFELGEN ZWEIFARBIG \u2013 LENKRAD UND SCHALTKNAUF AUS LEDER &#8211; TECHNO ARMATURENBRETT \u2013 ELEKTRISCHE HANDBREMSE \u2013 TPMS\u00a0 REIFENDRUCKKONTROLLSYSTEM\u2013 XL-T\u00dcR MIT ZWEI SCHLIESSPUNKTEN, FENSTER &#8211; UND ZENTRALVERRIEGELUNG \u2013 CP-PLUS \u2013 SP\u00dcLENABDECKUNG \u2013 AUF DIE POLSTER UND BEZ\u00dcGE ABGESTIMMTE SITZ\u00dcBERZ\u00dcGE IM FAHRERHAUS \u2013 SOLARMODUL 200 W MIT NEUEM MPPTLADEREGLER \u2013 PLISSEE-VERDUNKELUNG IM FAHRERHAUS<\/span><\/td>\n<\/tr>\n<tr style=\"height: 24px\">\n<td style=\"width: 37.2688%;height: 24px\" width=\"257\"><span style=\"font-size: 10pt\"><strong>PACK SELEKT FORD<\/strong><\/span><\/td>\n<td style=\"width: 145.946%;height: 24px\" width=\"427\"><span style=\"color: #808080\">AUTOMATIKGETRIEBE \u2013 SELEKT-GRAFIK \u2013 HEAVY DUTY<\/span><\/td>\n<\/tr>\n<tr style=\"height: 24px\">\n<td style=\"width: 37.2688%;height: 24px\"><span style=\"font-size: 10pt\"><strong>PACK SELEKT FIAT<\/strong><\/span><\/td>\n<td style=\"width: 145.946%;height: 24px\"><span style=\"color: #808080\">AUTOMATIKGETRIEBE \u2013 SELEKT-GRAFIK \u2013 AUFH\u00c4NGUNGEN AUS KOMPOSITMATERIAL<\/span><\/td>\n<\/tr>\n<tr style=\"height: 48px\">\n<td style=\"width: 37.2688%;height: 48px\"><span style=\"font-size: 10pt\"><strong>PACK DESIGN FORD<\/strong><\/span><\/td>\n<td style=\"width: 145.946%;height: 48px\"><span style=\"color: #808080\">LACKIERTES FAHRERHAUS MOONDUST SILVER \u2013 16\u201c-LEICHTMETALLFELGEN SCHWARZ<\/span><\/td>\n<\/tr>\n<tr>\n<td style=\"width: 37.2688%\"><span style=\"font-size: 10pt\"><strong>PACK OPEN AIR<\/strong><\/span><\/td>\n<td style=\"width: 145.946%\"><span style=\"color: #808080\">MARKISE ANTHRAZIT \u2013 GAS-AUSSENSTECKDOSE + DUSCHE IN DER GARAGE<\/span><\/td>\n<\/tr>\n<tr style=\"height: 64px\">\n<td style=\"width: 37.2688%;height: 64px\"><span style=\"font-size: 10pt\"><strong>PACK EXTRA ASSISTANCE FORD<\/strong><\/span><\/td>\n<td style=\"width: 145.946%;height: 64px\" width=\"427\"><span style=\"color: #808080\">BEHEIZBARE FRONTSCHEIBE \u2013 ADAPTIVER TEMPOMAT MIT SPURHALTEASSISTENT UND STOP &amp; GO-FUNKTION \u2013 PRE-COLLISION ASSIST 2.2 \u2013 INTELLIGENTER GESCHWINDIGKEITSASSISTENR (IM ZUSAMMENHANG MIT DEM ADAPTIVEN TEMPOMAT)\u2013 MANUELL ANKLAPPBARE AUSSENSPIEGEL MIT ENTFROSTUNG \u2013 NAVIGATIONSCENTER (INKLUSIVE EIN JAHR PROBEZEIT F\u00dcR \u201eCONNECTED NAVIGATION\u201c)<\/span><\/td>\n<\/tr>\n<tr style=\"height: 24px\">\n<td style=\"width: 37.2688%;height: 24px\"><span style=\"font-size: 10pt\"><strong>WINTER PACK<\/strong><\/span><\/td>\n<td style=\"width: 145.946%;height: 24px\" width=\"427\"><span style=\"color: #808080\">ISOLIERTER UND BEHEIZTER ABWASSERTANK \u2013 ISOLIERTE TRITTSTUFE<\/span><\/td>\n<\/tr>\n<tr style=\"height: 24px\">\n<td style=\"width: 37.2688%;height: 24px\"><span style=\"font-size: 10pt\"><strong>PACK TV SAT<\/strong><\/span><\/td>\n<td style=\"width: 145.946%;height: 24px\"><span style=\"font-size: 10pt;color: #808080\">SATELLITEN ANTENNE \u2013 TV-HALTERUNG \u2013 32\u2019\u2019-SMART-TV<\/span><\/td>\n<\/tr>\n<tr style=\"height: 24px\">\n<td style=\"width: 37.2688%;height: 24px\"><span style=\"font-size: 10pt\"><strong>PACK TV WI-FI<\/strong><\/span><\/td>\n<td style=\"width: 145.946%;height: 24px\"><span style=\"font-size: 10pt;color: #808080\">WLAN-ROUTER \u2013 TV-HALTERUNG \u2013 32\u2019\u2019-SMART-TV<\/span><\/td>\n<\/tr>\n<\/tbody>\n<\/table><\/div>\n","protected":false},"excerpt":{"rendered":"<p>PACK KRONOS FORD (Kostenloses Paket bereits inbegriffen, Aktion gilt bis auf weiteres f\u00fcr die Einf\u00fchrungspreise) 165 PS LIGHT DUTY MOTOR, SCHALTGETRIEBE, \u201eHIGH SERIES HAUPTSCHEINWERFER\u201c, ABSCHLIESSBARES HANDSCHUHFACH, \u201eTREND\u201c INNENDEKOR, FRONTSTOSSSTANGE UND SEITLICHE ZIERSTREIFEN IN WAGENFARBE &#8211;XL-T\u00dcR MIT ZWEI SCHLIESSPUNKTEN, FENSTER UND ZENTRALVERRIEGELUNG \u2013 CP-PLUS \u2013 OPEN SKY PANORAMA DACHFENSTER (Teilintegrierte) \u2013 SP\u00dcLENABDECKUNG \u2013 AUF DIE POLSTER &hellip; <a href=\"https:\/\/www.rollerteam.com\/de\/verfuegbare-kronos-pakete\/\">Continued<\/a><\/p>\n","protected":false},"author":6,"featured_media":0,"parent":0,"menu_order":0,"comment_status":"closed","ping_status":"closed","template":"","meta":{"_acf_changed":false,"inline_featured_image":false,"footnotes":""},"class_list":["post-6010","page","type-page","status-publish","hentry"],"acf":[],"yoast_head":"<!-- This site is optimized with the Yoast SEO plugin v27.2 - https:\/\/yoast.com\/product\/yoast-seo-wordpress\/ -->\n<title>VERF\u00dcGBARE KRONOS PAKETE - RollerTeam GLOBAL<\/title>\n<meta name=\"robots\" content=\"index, follow, max-snippet:-1, max-image-preview:large, max-video-preview:-1\" \/>\n<link rel=\"canonical\" href=\"https:\/\/www.rollerteam.com\/de\/verfuegbare-kronos-pakete\/\" \/>\n<meta property=\"og:locale\" content=\"de_DE\" \/>\n<meta property=\"og:type\" content=\"article\" \/>\n<meta property=\"og:title\" content=\"VERF\u00dcGBARE KRONOS PAKETE - RollerTeam GLOBAL\" \/>\n<meta property=\"og:description\" content=\"PACK KRONOS FORD (Kostenloses Paket bereits inbegriffen, Aktion gilt bis auf weiteres f\u00fcr die Einf\u00fchrungspreise) 165 PS LIGHT DUTY MOTOR, SCHALTGETRIEBE, \u201eHIGH SERIES HAUPTSCHEINWERFER\u201c, ABSCHLIESSBARES HANDSCHUHFACH, \u201eTREND\u201c INNENDEKOR, FRONTSTOSSSTANGE UND SEITLICHE ZIERSTREIFEN IN WAGENFARBE &#8211;XL-T\u00dcR MIT ZWEI SCHLIESSPUNKTEN, FENSTER UND ZENTRALVERRIEGELUNG \u2013 CP-PLUS \u2013 OPEN SKY PANORAMA DACHFENSTER (Teilintegrierte) \u2013 SP\u00dcLENABDECKUNG \u2013 AUF DIE POLSTER &hellip; Continued\" \/>\n<meta property=\"og:url\" content=\"https:\/\/www.rollerteam.com\/de\/verfuegbare-kronos-pakete\/\" \/>\n<meta property=\"og:site_name\" content=\"RollerTeam GLOBAL\" \/>\n<meta property=\"article:modified_time\" content=\"2025-11-25T11:36:30+00:00\" \/>\n<meta name=\"twitter:card\" content=\"summary_large_image\" \/>\n<meta name=\"twitter:label1\" content=\"Gesch\u00e4tzte Lesezeit\" \/>\n\t<meta name=\"twitter:data1\" content=\"1\u00a0Minute\" \/>\n<script type=\"application\/ld+json\" class=\"yoast-schema-graph\">{\"@context\":\"https:\/\/schema.org\",\"@graph\":[{\"@type\":\"WebPage\",\"@id\":\"https:\/\/www.rollerteam.com\/de\/verfuegbare-kronos-pakete\/\",\"url\":\"https:\/\/www.rollerteam.com\/de\/verfuegbare-kronos-pakete\/\",\"name\":\"VERF\u00dcGBARE KRONOS PAKETE - RollerTeam GLOBAL\",\"isPartOf\":{\"@id\":\"https:\/\/www.rollerteam.com\/de\/#website\"},\"datePublished\":\"2024-11-14T11:53:50+00:00\",\"dateModified\":\"2025-11-25T11:36:30+00:00\",\"breadcrumb\":{\"@id\":\"https:\/\/www.rollerteam.com\/de\/verfuegbare-kronos-pakete\/#breadcrumb\"},\"inLanguage\":\"de\",\"potentialAction\":[{\"@type\":\"ReadAction\",\"target\":[\"https:\/\/www.rollerteam.com\/de\/verfuegbare-kronos-pakete\/\"]}]},{\"@type\":\"BreadcrumbList\",\"@id\":\"https:\/\/www.rollerteam.com\/de\/verfuegbare-kronos-pakete\/#breadcrumb\",\"itemListElement\":[{\"@type\":\"ListItem\",\"position\":1,\"name\":\"Home\",\"item\":\"https:\/\/www.rollerteam.com\/de\/\"},{\"@type\":\"ListItem\",\"position\":2,\"name\":\"VERF\u00dcGBARE KRONOS PAKETE\"}]},{\"@type\":\"WebSite\",\"@id\":\"https:\/\/www.rollerteam.com\/de\/#website\",\"url\":\"https:\/\/www.rollerteam.com\/de\/\",\"name\":\"Trigano Master\",\"description\":\"\",\"potentialAction\":[{\"@type\":\"SearchAction\",\"target\":{\"@type\":\"EntryPoint\",\"urlTemplate\":\"https:\/\/www.rollerteam.com\/de\/?s={search_term_string}\"},\"query-input\":{\"@type\":\"PropertyValueSpecification\",\"valueRequired\":true,\"valueName\":\"search_term_string\"}}],\"inLanguage\":\"de\"}]}<\/script>\n<!-- \/ Yoast SEO plugin. -->","yoast_head_json":{"title":"VERF\u00dcGBARE KRONOS PAKETE - RollerTeam GLOBAL","robots":{"index":"index","follow":"follow","max-snippet":"max-snippet:-1","max-image-preview":"max-image-preview:large","max-video-preview":"max-video-preview:-1"},"canonical":"https:\/\/www.rollerteam.com\/de\/verfuegbare-kronos-pakete\/","og_locale":"de_DE","og_type":"article","og_title":"VERF\u00dcGBARE KRONOS PAKETE - RollerTeam GLOBAL","og_description":"PACK KRONOS FORD (Kostenloses Paket bereits inbegriffen, Aktion gilt bis auf weiteres f\u00fcr die Einf\u00fchrungspreise) 165 PS LIGHT DUTY MOTOR, SCHALTGETRIEBE, \u201eHIGH SERIES HAUPTSCHEINWERFER\u201c, ABSCHLIESSBARES HANDSCHUHFACH, \u201eTREND\u201c INNENDEKOR, FRONTSTOSSSTANGE UND SEITLICHE ZIERSTREIFEN IN WAGENFARBE &#8211;XL-T\u00dcR MIT ZWEI SCHLIESSPUNKTEN, FENSTER UND ZENTRALVERRIEGELUNG \u2013 CP-PLUS \u2013 OPEN SKY PANORAMA DACHFENSTER (Teilintegrierte) \u2013 SP\u00dcLENABDECKUNG \u2013 AUF DIE POLSTER &hellip; Continued","og_url":"https:\/\/www.rollerteam.com\/de\/verfuegbare-kronos-pakete\/","og_site_name":"RollerTeam GLOBAL","article_modified_time":"2025-11-25T11:36:30+00:00","twitter_card":"summary_large_image","twitter_misc":{"Gesch\u00e4tzte Lesezeit":"1\u00a0Minute"},"schema":{"@context":"https:\/\/schema.org","@graph":[{"@type":"WebPage","@id":"https:\/\/www.rollerteam.com\/de\/verfuegbare-kronos-pakete\/","url":"https:\/\/www.rollerteam.com\/de\/verfuegbare-kronos-pakete\/","name":"VERF\u00dcGBARE KRONOS PAKETE - RollerTeam GLOBAL","isPartOf":{"@id":"https:\/\/www.rollerteam.com\/de\/#website"},"datePublished":"2024-11-14T11:53:50+00:00","dateModified":"2025-11-25T11:36:30+00:00","breadcrumb":{"@id":"https:\/\/www.rollerteam.com\/de\/verfuegbare-kronos-pakete\/#breadcrumb"},"inLanguage":"de","potentialAction":[{"@type":"ReadAction","target":["https:\/\/www.rollerteam.com\/de\/verfuegbare-kronos-pakete\/"]}]},{"@type":"BreadcrumbList","@id":"https:\/\/www.rollerteam.com\/de\/verfuegbare-kronos-pakete\/#breadcrumb","itemListElement":[{"@type":"ListItem","position":1,"name":"Home","item":"https:\/\/www.rollerteam.com\/de\/"},{"@type":"ListItem","position":2,"name":"VERF\u00dcGBARE KRONOS PAKETE"}]},{"@type":"WebSite","@id":"https:\/\/www.rollerteam.com\/de\/#website","url":"https:\/\/www.rollerteam.com\/de\/","name":"Trigano Master","description":"","potentialAction":[{"@type":"SearchAction","target":{"@type":"EntryPoint","urlTemplate":"https:\/\/www.rollerteam.com\/de\/?s={search_term_string}"},"query-input":{"@type":"PropertyValueSpecification","valueRequired":true,"valueName":"search_term_string"}}],"inLanguage":"de"}]}},"_links":{"self":[{"href":"https:\/\/www.rollerteam.com\/de\/wp-json\/wp\/v2\/pages\/6010","targetHints":{"allow":["GET"]}}],"collection":[{"href":"https:\/\/www.rollerteam.com\/de\/wp-json\/wp\/v2\/pages"}],"about":[{"href":"https:\/\/www.rollerteam.com\/de\/wp-json\/wp\/v2\/types\/page"}],"author":[{"embeddable":true,"href":"https:\/\/www.rollerteam.com\/de\/wp-json\/wp\/v2\/users\/6"}],"replies":[{"embeddable":true,"href":"https:\/\/www.rollerteam.com\/de\/wp-json\/wp\/v2\/comments?post=6010"}],"version-history":[{"count":6,"href":"https:\/\/www.rollerteam.com\/de\/wp-json\/wp\/v2\/pages\/6010\/revisions"}],"predecessor-version":[{"id":8682,"href":"https:\/\/www.rollerteam.com\/de\/wp-json\/wp\/v2\/pages\/6010\/revisions\/8682"}],"wp:attachment":[{"href":"https:\/\/www.rollerteam.com\/de\/wp-json\/wp\/v2\/media?parent=6010"}],"curies":[{"name":"wp","href":"https:\/\/api.w.org\/{rel}","templated":true}]}}